{"id":3670,"date":"2025-11-03T13:22:21","date_gmt":"2025-11-03T11:22:21","guid":{"rendered":"https:\/\/leasegreen.com\/for-bostadsrattsforeningar\/underhall-av-varmepump\/"},"modified":"2025-11-13T15:27:57","modified_gmt":"2025-11-13T13:27:57","slug":"underhall-av-varmepump","status":"publish","type":"page","link":"https:\/\/leasegreen.com\/sv\/for-bostadsrattsforeningar\/underhall-av-varmepump\/","title":{"rendered":"Underh\u00e5ll av v\u00e4rmepump"},"content":{"rendered":"<section class=\"block block-hero has-media\">\r\n\r\n    <div class=\"hero-media\">\r\n                            <div class=\"glide image-slider\" data-uid=\"69dba3457749e\"><div class=\"glide__track\" data-glide-el=\"track\"><ul class=\"glide__slides\"><li class=\"glide__slide\"><img decoding=\"async\" src=\"https:\/\/leasegreen.com\/wp-content\/uploads\/2025\/11\/LeaseGreen_Academy-1.jpg\" alt=\"\" width=\"798\" height=\"930\" data-no-lazy=\"1\" fetchpriority=\"high\"><\/li><li class=\"glide__slide\"><img decoding=\"async\" src=\"https:\/\/leasegreen.com\/wp-content\/uploads\/2025\/11\/lampopumppujen-huolto.jpg\" alt=\"\" width=\"2160\" height=\"1317\" data-no-lazy=\"1\" fetchpriority=\"high\"><\/li><\/ul><\/div><\/div>            <\/div>\r\n\r\n    <div class=\"hero-content\">\r\n        <div class=\"container\">\r\n            \r\n            \r\n            \r\n            \r\n            <div class=\"content-container reveal\">\r\n                \n<div class=\"wp-block-wds-hero\">\n<h1 class=\"wp-block-heading\">Underh\u00e5ll av v\u00e4rmepump med f\u00f6rm\u00e5nsgaranti<\/h1>\n<\/div>\n                            <\/div>\r\n        <\/div>\r\n    <\/div>\r\n<\/section><section class=\"block block-text-image image-right style-regular\">\r\n    <div class=\"container\">\r\n        <div class=\"text-image-container\">\r\n            <div class=\"text-content reveal\">\r\n                                    <p class=\"tagline\">V\u00e4rmepump f\u00f6r jordk\u00e4lla<\/p>\r\n                                \n<div class=\"wp-block-wds-text-image\">\n<h2 class=\"wp-block-heading\">LeaseGreen erbjuder underh\u00e5llstj\u00e4nster f\u00f6r v\u00e4rmepumpar med en f\u00f6rm\u00e5nsgaranti.<\/h2>\n\n\n\n<p>Varje servicebes\u00f6k syftar till att f\u00f6rb\u00e4ttra prestandan hos den v\u00e4rmepump som servas och minska driftskostnaderna.  <\/p>\n\n\n\n<div class=\"wp-block-buttons is-layout-flex wp-block-buttons-is-layout-flex\">\n<div class=\"wp-block-button is-style-fill\"><a class=\"wp-block-button__link wp-element-button\" href=\"https:\/\/leasegreen.com\/sv\/kontakta-oss\/\">Beg\u00e4r en offert p\u00e5 en tj\u00e4nst<\/a><\/div>\n<\/div>\n<\/div>\n            <\/div>\r\n\r\n                            <div class=\"image-content reveal\">\r\n                    <img loading=\"lazy\" decoding=\"async\" src=\"https:\/\/leasegreen.com\/wp-content\/uploads\/2025\/11\/huolto-Maamiehentie-PRINT-24-1-590x394.jpg\" alt=\"\" width=\"2560\" height=\"1708\" srcset=\"https:\/\/leasegreen.com\/wp-content\/uploads\/2025\/11\/huolto-Maamiehentie-PRINT-24-1-300x200.jpg 300w, https:\/\/leasegreen.com\/wp-content\/uploads\/2025\/11\/huolto-Maamiehentie-PRINT-24-1-1024x683.jpg 1024w, https:\/\/leasegreen.com\/wp-content\/uploads\/2025\/11\/huolto-Maamiehentie-PRINT-24-1-768x512.jpg 768w, https:\/\/leasegreen.com\/wp-content\/uploads\/2025\/11\/huolto-Maamiehentie-PRINT-24-1-1536x1025.jpg 1536w, https:\/\/leasegreen.com\/wp-content\/uploads\/2025\/11\/huolto-Maamiehentie-PRINT-24-1-2048x1366.jpg 2048w, https:\/\/leasegreen.com\/wp-content\/uploads\/2025\/11\/huolto-Maamiehentie-PRINT-24-1-1920x1281.jpg 1920w, https:\/\/leasegreen.com\/wp-content\/uploads\/2025\/11\/huolto-Maamiehentie-PRINT-24-1-889x593.jpg 889w, https:\/\/leasegreen.com\/wp-content\/uploads\/2025\/11\/huolto-Maamiehentie-PRINT-24-1-714x476.jpg 714w, https:\/\/leasegreen.com\/wp-content\/uploads\/2025\/11\/huolto-Maamiehentie-PRINT-24-1-590x394.jpg 590w, https:\/\/leasegreen.com\/wp-content\/uploads\/2025\/11\/huolto-Maamiehentie-PRINT-24-1-367x245.jpg 367w\">                <\/div>\r\n                    <\/div>\r\n    <\/div>\r\n<\/section><section class=\"block block-features items-per-row-3\">\r\n    <div class=\"container\">\r\n        <div class=\"features-grid reveal\">\r\n            \n<div class=\"wp-block-wds-features\">\n<div class=\"wp-block-group features-grid is-layout-flex wp-block-group-is-layout-flex\"><div class=\"block block-feature-item\">\r\n        <div class=\"feature-content\">\r\n        \n<div class=\"wp-block-wds-feature-item\">\n<h2 class=\"wp-block-heading\">14 000 kW<\/h2>\n\n\n\n<h4 class=\"wp-block-heading\">v\u00e4rmepumpar under underh\u00e5ll<\/h4>\n<\/div>\n    <\/div>\r\n<\/div>\n\n<div class=\"block block-feature-item\">\r\n        <div class=\"feature-content\">\r\n        \n<div class=\"wp-block-wds-feature-item\">\n<h2 class=\"wp-block-heading\">25 000 kW<\/h2>\n\n\n\n<h4 class=\"wp-block-heading\">installerad v\u00e4rmepumpskapacitet<\/h4>\n<\/div>\n    <\/div>\r\n<\/div>\n\n<div class=\"block block-feature-item\">\r\n        <div class=\"feature-content\">\r\n        \n<div class=\"wp-block-wds-feature-item\">\n<h2 class=\"wp-block-heading\">700<\/h2>\n\n\n\n<h4 class=\"wp-block-heading\">bost\u00e4der som v\u00e4rms upp av LeaseGreens bergv\u00e4rme<\/h4>\n<\/div>\n    <\/div>\r\n<\/div><\/div>\n<\/div>\n        <\/div>\r\n    <\/div>\r\n<\/section><section class=\"block block-text-image image-left style-side\">\r\n    <div class=\"container\">\r\n        <div class=\"text-image-container\">\r\n            <div class=\"text-content reveal\">\r\n                                    <p class=\"tagline\">VARF\u00d6R LEASEGREEN<\/p>\r\n                                \n<div class=\"wp-block-wds-text-image\">\n<h2 class=\"wp-block-heading\">Varf\u00f6r v\u00e4lja LeaseGreen-service f\u00f6r v\u00e4rmepumpar?<\/h2>\n\n\n\n<ul class=\"wp-block-list\">\n<li><strong>Nyttogaranti: <\/strong>efter service fungerar utrustningen garanterat korrekt och energieffektivt<\/li>\n\n\n\n<li><strong>Optimering som standard: <\/strong>finjustering av inst\u00e4llningar och m\u00e4tbaserade justeringar vid varje bes\u00f6k.<\/li>\n\n\n\n<li><strong>Tillverkaroberoende expertis: <\/strong>geotermisk, luft\/vatten, fr\u00e5nluft - f\u00f6r alla v\u00e4rmepumpar.<\/li>\n\n\n\n<li><strong>Datadrivet underh\u00e5ll: <\/strong>Fj\u00e4rr\u00f6vervakning 24\/7, larmhantering och tydliga rapporter.<\/li>\n<\/ul>\n\n\n\n<div class=\"wp-block-buttons is-layout-flex wp-block-buttons-is-layout-flex\">\n<div class=\"wp-block-button\"><a class=\"wp-block-button__link wp-element-button\" href=\"https:\/\/leasegreen.com\/sv\/kontakta-oss\/\">Fr\u00e5ga om f\u00f6rm\u00e5nsgarantin i praktiken<\/a><\/div>\n<\/div>\n<\/div>\n            <\/div>\r\n\r\n                            <div class=\"image-content reveal\">\r\n                    <img loading=\"lazy\" decoding=\"async\" src=\"https:\/\/leasegreen.com\/wp-content\/uploads\/2025\/11\/lampopumppujen-huolto-3-582x590.jpg\" alt=\"\" width=\"1400\" height=\"1420\" srcset=\"https:\/\/leasegreen.com\/wp-content\/uploads\/2025\/11\/lampopumppujen-huolto-3-296x300.jpg 296w, https:\/\/leasegreen.com\/wp-content\/uploads\/2025\/11\/lampopumppujen-huolto-3-1010x1024.jpg 1010w, https:\/\/leasegreen.com\/wp-content\/uploads\/2025\/11\/lampopumppujen-huolto-3-768x779.jpg 768w, https:\/\/leasegreen.com\/wp-content\/uploads\/2025\/11\/lampopumppujen-huolto-3-585x593.jpg 585w, https:\/\/leasegreen.com\/wp-content\/uploads\/2025\/11\/lampopumppujen-huolto-3-524x531.jpg 524w, https:\/\/leasegreen.com\/wp-content\/uploads\/2025\/11\/lampopumppujen-huolto-3-582x590.jpg 582w, https:\/\/leasegreen.com\/wp-content\/uploads\/2025\/11\/lampopumppujen-huolto-3.jpg 1400w\">                            <a href=\"https:\/\/leasegreen.com\/sv\/referenser\/varmeproduktion\/mansasbacken-helsingfors\/\" class=\"image-link\">\r\n                                                        <p class=\"image-description\"><span><span>L\u00e4s mer om energirenoveringen av anl\u00e4ggningen i <strong>Maunulanm\u00e4ki<\/strong> <\/span><\/span><\/p>\r\n                                                        <\/a>\r\n                                    <\/div>\r\n                    <\/div>\r\n    <\/div>\r\n<\/section><section class=\"block block-title-text has-transparent-background-color has-background\">\r\n    <div class=\"container\">\r\n        <div class=\"content-container reveal\">\r\n            \n<div class=\"wp-block-wds-title-text has-transparent-background-color has-background\">\n<h2 class=\"wp-block-heading\">Vilka \u00e4r f\u00f6rdelarna med underh\u00e5ll?<\/h2>\n\n\n\n<ul class=\"wp-block-list\">\n<li><strong>L\u00e4gre energikostnader: <\/strong>typiskt 5-15% besparingar tack vare optimering.<\/li>\n\n\n\n<li><strong>F\u00f6rb\u00e4ttrad effektivitet (COP\/SPF): <\/strong>efter varje underh\u00e5ll m\u00e4ts prestandaf\u00f6rb\u00e4ttringen.<\/li>\n\n\n\n<li><strong>F\u00e4rre fel:<\/strong> f\u00f6rhindra kostsamma driftstopp med proaktivt underh\u00e5ll.<\/li>\n\n\n\n<li><strong>L\u00e4ngre livscykel:<\/strong> v\u00e4rmepumpen kommer att arbeta med optimala v\u00e4rden under m\u00e5nga \u00e5r l\u00e4ngre.<\/li>\n<\/ul>\n\n\n\n<div class=\"wp-block-buttons is-layout-flex wp-block-buttons-is-layout-flex\">\n<div class=\"wp-block-button\"><a class=\"wp-block-button__link wp-element-button\" href=\"https:\/\/leasegreen.com\/sv\/kontakta-oss\/\">Best\u00e4ll en kartl\u00e4ggning av optimering<\/a><\/div>\n<\/div>\n<\/div>\n        <\/div>\r\n    <\/div>\r\n<\/section><section class=\"block block-text-image image-right style-regular\">\r\n    <div class=\"container\">\r\n        <div class=\"text-image-container\">\r\n            <div class=\"text-content reveal\">\r\n                                    <p class=\"tagline\">VAD ING\u00c5R I TJ\u00c4NSTEN?<\/p>\r\n                                \n<div class=\"wp-block-wds-text-image\">\n<h2 class=\"wp-block-heading\">Tj\u00e4nstens inneh\u00e5ll<\/h2>\n\n\n\n<ul class=\"wp-block-list\">\n<li><strong>Inledande unders\u00f6kning: <\/strong>bed\u00f6mning av systemets status och m\u00e4tningar.<\/li>\n\n\n\n<li><strong>Periodiskt underh\u00e5ll: <\/strong>enligt tillverkarens rekommendationer, ut\u00f6kat med optimering.<\/li>\n\n\n\n<li><strong>Inst\u00e4llning och optimering: <\/strong>styrkurvor, pumpkurvor, arbetscykel, \u0394T-v\u00e4rden, automationsjusteringar.<\/li>\n\n\n\n<li><strong>Fj\u00e4rr\u00f6vervakning 24\/7:<\/strong> COP\/SPF \u00f6vervakning, larm och m\u00e5nadsrapportering.<\/li>\n\n\n\n<li><strong>F\u00f6rm\u00e5nsgaranti: <\/strong>uppm\u00e4tt effektivitetsf\u00f6rb\u00e4ttring.<\/li>\n<\/ul>\n\n\n\n<div class=\"wp-block-buttons is-layout-flex wp-block-buttons-is-layout-flex\">\n<div class=\"wp-block-button\"><a class=\"wp-block-button__link wp-element-button\" href=\"https:\/\/leasegreen.com\/sv\/kontakta-oss\/\">Beg\u00e4r en mall f\u00f6r serviceavtal<\/a><\/div>\n<\/div>\n<\/div>\n            <\/div>\r\n\r\n                            <div class=\"image-content reveal\">\r\n                    <img loading=\"lazy\" decoding=\"async\" src=\"https:\/\/leasegreen.com\/wp-content\/uploads\/2025\/11\/lampopumppujen-huolto-4-582x590.jpg\" alt=\"\" width=\"1400\" height=\"1420\" srcset=\"https:\/\/leasegreen.com\/wp-content\/uploads\/2025\/11\/lampopumppujen-huolto-4-296x300.jpg 296w, https:\/\/leasegreen.com\/wp-content\/uploads\/2025\/11\/lampopumppujen-huolto-4-1010x1024.jpg 1010w, https:\/\/leasegreen.com\/wp-content\/uploads\/2025\/11\/lampopumppujen-huolto-4-768x779.jpg 768w, https:\/\/leasegreen.com\/wp-content\/uploads\/2025\/11\/lampopumppujen-huolto-4-585x593.jpg 585w, https:\/\/leasegreen.com\/wp-content\/uploads\/2025\/11\/lampopumppujen-huolto-4-524x531.jpg 524w, https:\/\/leasegreen.com\/wp-content\/uploads\/2025\/11\/lampopumppujen-huolto-4-582x590.jpg 582w, https:\/\/leasegreen.com\/wp-content\/uploads\/2025\/11\/lampopumppujen-huolto-4.jpg 1400w\">                            <a href=\"https:\/\/leasegreen.com\/sv\/referenser\/varmeproduktion\/maamiehentie-helsingfors\/\" class=\"image-link\">\r\n                                                        <p class=\"image-description\"><span><span>L\u00e4s mer om energirenoveringen av <strong>Maamiehentie-anl\u00e4ggningen<\/strong> <\/span><\/span><\/p>\r\n                                                        <\/a>\r\n                                    <\/div>\r\n                    <\/div>\r\n    <\/div>\r\n<\/section><div class=\"block block-services-grid items-per-row-2\">\r\n    <div class=\"container\">\r\n        \n<div class=\"wp-block-wds-services-grid\">\n<h2 class=\"wp-block-heading services-grid-title\">Modeller f\u00f6r upphandling<\/h2>\n\n\n\n<div class=\"wp-block-group services-grid-items is-layout-flex wp-block-group-is-layout-flex\"><div class=\"block block-service-grid-item\">\r\n            <div class=\"service-icon\">\r\n            <?xml version=\"1.0\" encoding=\"UTF-8\"?> <svg xmlns=\"http:\/\/www.w3.org\/2000\/svg\" width=\"72\" height=\"72\" viewBox=\"0 0 72 72\" fill=\"none\"><path d=\"M19.5 60H15C11.6863 60 9 57.3137 9 54V12C9 8.68629 11.6863 6 15 6H57C60.3137 6 63 8.68629 63 12V54C63 57.3137 60.3137 60 57 60H52.5M36 57C40.9706 57 45 52.9706 45 48C45 43.0294 40.9706 39 36 39C31.0294 39 27 43.0294 27 48C27 52.9706 31.0294 57 36 57ZM36 57L36.0643 56.9994L26.486 66.5777L18.0007 58.0924L27.059 49.0342M36 57L45.5784 66.5777L54.0637 58.0924L45.0055 49.0342M27 18H45M21 28.5H51\" stroke=\"#CE2460\" stroke-width=\"2\" stroke-linecap=\"round\" stroke-linejoin=\"round\"><\/path><\/svg>         <\/div>\r\n        <div class=\"service-content\">\r\n        \n<div class=\"wp-block-wds-service-grid-item\">\n<h3 class=\"wp-block-heading\">Tj\u00e4nstekontrakt med f\u00f6rm\u00e5nsgaranti<\/h3>\n\n\n\n<ul class=\"wp-block-list\">\n<li>I det fasta m\u00e5nadspriset ing\u00e5r schemalagt underh\u00e5ll, optimering och fj\u00e4rr\u00f6vervakning.<\/li>\n\n\n\n<li>Nyttogaranti: utrustningens energieffektivitet och drifts\u00e4kerhet f\u00f6rb\u00e4ttras<\/li>\n<\/ul>\n<\/div>\n    <\/div>\r\n<\/div>\n\n<div class=\"block block-service-grid-item\">\r\n            <div class=\"service-icon\">\r\n            <?xml version=\"1.0\" encoding=\"UTF-8\"?> <svg xmlns=\"http:\/\/www.w3.org\/2000\/svg\" width=\"72\" height=\"72\" viewBox=\"0 0 72 72\" fill=\"none\"><path d=\"M18 18L31.5 31.5M18 18H9L6 9L9 6L18 9V18ZM57.777 8.22304L49.8941 16.1059C48.7061 17.2939 48.112 17.888 47.8895 18.5729C47.6937 19.1755 47.6937 19.8245 47.8895 20.4271C48.112 21.112 48.7061 21.7061 49.8941 22.8941L50.6059 23.6059C51.7939 24.7939 52.388 25.388 53.0729 25.6105C53.6755 25.8063 54.3245 25.8063 54.9271 25.6105C55.612 25.388 56.2061 24.7939 57.3941 23.6059L64.7678 16.2322C65.562 18.1647 66 20.2812 66 22.5C66 31.6127 58.6127 39 49.5 39C48.4014 39 47.3278 38.8926 46.2893 38.6878C44.8308 38.4002 44.1016 38.2564 43.6596 38.3004C43.1896 38.3472 42.958 38.4177 42.5415 38.6405C42.1498 38.8502 41.7569 39.2431 40.9711 40.0289L19.5 61.5C17.0147 63.9852 12.9853 63.9852 10.5 61.5C8.01472 59.0147 8.01472 54.9852 10.5 52.5L31.9711 31.0289C32.7569 30.2431 33.1498 29.8502 33.3595 29.4585C33.5823 29.042 33.6528 28.8104 33.6996 28.3404C33.7436 27.8984 33.5998 27.1691 33.3122 25.7107C33.1074 24.6722 33 23.5986 33 22.5C33 13.3873 40.3873 6 49.5 6C52.5165 6 55.3439 6.80947 57.777 8.22304ZM36.0002 44.9998L52.5 61.4997C54.9853 63.9849 59.0147 63.9849 61.5 61.4997C63.9852 59.0144 63.9852 54.9849 61.4999 52.4997L47.9259 38.9259C46.965 38.835 46.0281 38.6616 45.1224 38.413C43.9552 38.0926 42.6748 38.3252 41.819 39.181L36.0002 44.9998Z\" stroke=\"#CE2460\" stroke-width=\"2\" stroke-linecap=\"round\" stroke-linejoin=\"round\"><\/path><\/svg>         <\/div>\r\n        <div class=\"service-content\">\r\n        \n<div class=\"wp-block-wds-service-grid-item\">\n<h3 class=\"wp-block-heading\">Eng\u00e5ngsunderh\u00e5ll f\u00f6r optimering<\/h3>\n\n\n\n<ul class=\"wp-block-list\">\n<li>Ett enskilt optimeringsbes\u00f6k med nyttogaranti. L\u00e4mplig f\u00f6r bostadsr\u00e4ttsf\u00f6reningar och fastigheter som vill s\u00e4kerst\u00e4lla systemets prestanda och drifts\u00e4kerhet<\/li>\n<\/ul>\n<\/div>\n    <\/div>\r\n<\/div><\/div>\n\n\n\n<div class=\"wp-block-buttons is-content-justification-center is-layout-flex wp-container-core-buttons-is-layout-16018d1d wp-block-buttons-is-layout-flex\">\n<div class=\"wp-block-button\"><a class=\"wp-block-button__link wp-element-button\" href=\"https:\/\/leasegreen.com\/sv\/kontakta-oss\/\">Be om en prisj\u00e4mf\u00f6relse<\/a><\/div>\n<\/div>\n<\/div>\n    <\/div>\r\n<\/div><div class=\"block block-faq\">\r\n    <div class=\"container\">\r\n                    <h2 class=\"wp-block-heading faq-title\">Vanliga fr\u00e5gor och svar (FAQ)<\/h2>        \r\n                    <div class=\"accordion accordion-sections\"><div class=\"accordion-section\"><div class=\"accordion-item\"><h4 class=\"h5 accordion-header\" id=\"heading-vad-innebar-en-formansgaranti-i-praktikenaccordion-item-69dba3457d1f41.93669414\"><button class=\"accordion-button\" type=\"button\" data-bs-toggle=\"collapse\" data-bs-target=\"#collapse-vad-innebar-en-formansgaranti-i-praktikenaccordion-item-69dba3457d1f41.93669414\" aria-expanded=\"true\" aria-controls=\"collapse-vad-innebar-en-formansgaranti-i-praktikenaccordion-item-69dba3457d1f41.93669414\">Vad inneb\u00e4r en f\u00f6rm\u00e5nsgaranti i praktiken?<\/button><\/h4><div id=\"collapse-vad-innebar-en-formansgaranti-i-praktikenaccordion-item-69dba3457d1f41.93669414\" class=\"accordion-collapse collapse\" aria-labelledby=\"heading-vad-innebar-en-formansgaranti-i-praktikenaccordion-item-69dba3457d1f41.93669414\"><div class=\"accordion-body\"><div class=\"accordion-body-container\"><div class=\"wp-block-group faq-answer is-layout-constrained wp-block-group-is-layout-constrained\">\n<p>Hela systemets funktion g\u00e5s igenom grundligt och utrustningens inst\u00e4llningsparametrar optimeras. Vi garanterar att systemet fungerar mer energieffektivt och tillf\u00f6rlitligt efter v\u00e5r \u00e5rliga service. <\/p>\n\n\n\n<p><\/p>\n<\/div><\/div><\/div><\/div><\/div><\/div><div class=\"accordion-section\"><div class=\"accordion-item\"><h4 class=\"h5 accordion-header\" id=\"heading-kan-underhallet-forbattra-effektiviteten-utan-nya-investeringaraccordion-item-69dba3457d2bc9.90568543\"><button class=\"accordion-button\" type=\"button\" data-bs-toggle=\"collapse\" data-bs-target=\"#collapse-kan-underhallet-forbattra-effektiviteten-utan-nya-investeringaraccordion-item-69dba3457d2bc9.90568543\" aria-expanded=\"true\" aria-controls=\"collapse-kan-underhallet-forbattra-effektiviteten-utan-nya-investeringaraccordion-item-69dba3457d2bc9.90568543\">Kan underh\u00e5llet f\u00f6rb\u00e4ttra effektiviteten utan nya investeringar?<\/button><\/h4><div id=\"collapse-kan-underhallet-forbattra-effektiviteten-utan-nya-investeringaraccordion-item-69dba3457d2bc9.90568543\" class=\"accordion-collapse collapse\" aria-labelledby=\"heading-kan-underhallet-forbattra-effektiviteten-utan-nya-investeringaraccordion-item-69dba3457d2bc9.90568543\"><div class=\"accordion-body\"><div class=\"accordion-body-container\"><div class=\"wp-block-group faq-answer is-layout-constrained wp-block-group-is-layout-constrained\">\n<p>Ja - optimering kan \u00f6ka effektiviteten och ge besparingar utan ink\u00f6p av utrustning.<\/p>\n\n\n\n<p><\/p>\n<\/div><\/div><\/div><\/div><\/div><\/div><div class=\"accordion-section\"><div class=\"accordion-item\"><h4 class=\"h5 accordion-header\" id=\"heading-ar-underhallet-oberoende-av-tillverkarenaccordion-item-69dba3457d2d62.39642297\"><button class=\"accordion-button\" type=\"button\" data-bs-toggle=\"collapse\" data-bs-target=\"#collapse-ar-underhallet-oberoende-av-tillverkarenaccordion-item-69dba3457d2d62.39642297\" aria-expanded=\"true\" aria-controls=\"collapse-ar-underhallet-oberoende-av-tillverkarenaccordion-item-69dba3457d2d62.39642297\">\u00c4r underh\u00e5llet oberoende av tillverkaren?<\/button><\/h4><div id=\"collapse-ar-underhallet-oberoende-av-tillverkarenaccordion-item-69dba3457d2d62.39642297\" class=\"accordion-collapse collapse\" aria-labelledby=\"heading-ar-underhallet-oberoende-av-tillverkarenaccordion-item-69dba3457d2d62.39642297\"><div class=\"accordion-body\"><div class=\"accordion-body-container\"><div class=\"wp-block-group faq-answer is-layout-constrained wp-block-group-is-layout-constrained\">\n<p>Ja - LeaseGreen servar och optimerar v\u00e4rmepumpar fr\u00e5n alla tillverkare.<\/p>\n\n\n\n<p><\/p>\n<\/div><\/div><\/div><\/div><\/div><\/div><\/div>            <\/div>\r\n<\/div>\r\n\r\n    <script type=\"application\/ld+json\">\r\n        {\n    \"@context\": \"https:\/\/schema.org\",\n    \"@type\": \"FAQPage\",\n    \"mainEntity\": [\n        {\n            \"@type\": \"Question\",\n            \"name\": \"Vad inneb\u00e4r en f\u00f6rm\u00e5nsgaranti i praktiken?\",\n            \"acceptedAnswer\": {\n                \"@type\": \"Answer\",\n                \"text\": \"Hela systemets funktion g\u00e5s igenom grundligt och utrustningens inst\u00e4llningsparametrar optimeras. Vi garanterar att systemet fungerar mer energieffektivt och tillf\u00f6rlitligt efter v\u00e5r \u00e5rliga service.\"\n            }\n        },\n        {\n            \"@type\": \"Question\",\n            \"name\": \"Kan underh\u00e5llet f\u00f6rb\u00e4ttra effektiviteten utan nya investeringar?\",\n            \"acceptedAnswer\": {\n                \"@type\": \"Answer\",\n                \"text\": \"Ja - optimering kan \u00f6ka effektiviteten och ge besparingar utan ink\u00f6p av utrustning.\"\n            }\n        },\n        {\n            \"@type\": \"Question\",\n            \"name\": \"\u00c4r underh\u00e5llet oberoende av tillverkaren?\",\n            \"acceptedAnswer\": {\n                \"@type\": \"Answer\",\n                \"text\": \"Ja - LeaseGreen servar och optimerar v\u00e4rmepumpar fr\u00e5n alla tillverkare.\"\n            }\n        }\n    ]\n}    <\/script>\r\n<div class=\"block block-text-person\">\r\n    <div class=\"container\">\r\n        <div class=\"text-person-content\">\r\n            <div class=\"text-content\">\r\n                \n<div class=\"wp-block-wds-text-person\">\n<h3 class=\"wp-block-heading\">Kontakta oss<\/h3>\n\n\n\n<p>LeaseGreen-teamet f\u00f6renas av en passion f\u00f6r arbete och en \u00f6nskan att g\u00f6ra det lite b\u00e4ttre, och de kommer att hj\u00e4lpa dig att hitta den energirenoveringsl\u00f6sning som passar dina behov och ger besparingar fr\u00e5n dag ett.<\/p>\n<\/div>\n            <\/div>\r\n\r\n            <div class=\"person-content\">\r\n                                    <div class=\"person-image\">\r\n                        <img decoding=\"async\" src=\"https:\/\/leasegreen.com\/wp-content\/uploads\/2025\/11\/sami-lantinen-590x559.jpg\" alt=\"\" srcset=\"https:\/\/leasegreen.com\/wp-content\/uploads\/2025\/11\/sami-lantinen-300x284.jpg 300w, https:\/\/leasegreen.com\/wp-content\/uploads\/2025\/11\/sami-lantinen-626x593.jpg 626w, https:\/\/leasegreen.com\/wp-content\/uploads\/2025\/11\/sami-lantinen-561x531.jpg 561w, https:\/\/leasegreen.com\/wp-content\/uploads\/2025\/11\/sami-lantinen-590x559.jpg 590w, https:\/\/leasegreen.com\/wp-content\/uploads\/2025\/11\/sami-lantinen.jpg 642w\">                    <\/div>\r\n                \r\n                <div class=\"person-details\">\r\n                                            <h3 class=\"person-name\">Sami L\u00e4ntinen<\/h3>\r\n                    \r\n                                            <p class=\"person-position\">Kundansvarig (bostadsbolag)<\/p>\r\n                    \r\n                                            <div class=\"person-contact\">\r\n                                                            <div class=\"contact-item\">\r\n                                    <span class=\"contact-icon phone-icon\"><\/span>\r\n                                    <a href=\"tel:045 138 7138\" class=\"contact-text\">045 138 7138<\/a>\r\n                                <\/div>\r\n                            \r\n                                                            <div class=\"contact-item\">\r\n                                    <span class=\"contact-icon email-icon\"><\/span>\r\n                                    <a href=\"mailto:sami.lantinen@leasegreen.com\" class=\"contact-text\">sami.lantinen@leasegreen.com<\/a>\r\n                                <\/div>\r\n                            \r\n                                                            <div class=\"contact-item\">\r\n                                    <span class=\"contact-icon linkedin-icon\"><\/span>\r\n                                    <a href=\"https:\/\/www.linkedin.com\/in\/sami-l%C3%A4ntinen\/\" target=\"_blank\" rel=\"noopener noreferrer\" class=\"contact-text\">LinkedIn<\/a>\r\n                                <\/div>\r\n                                                    <\/div>\r\n                                    <\/div>\r\n            <\/div>\r\n        <\/div>\r\n    <\/div>\r\n<\/div>","protected":false},"excerpt":{"rendered":"","protected":false},"author":1,"featured_media":0,"parent":3335,"menu_order":0,"comment_status":"closed","ping_status":"closed","template":"","meta":{"_acf_changed":false,"_page_background_color":"","_accent_color":"","footnotes":""},"class_list":["post-3670","page","type-page","status-publish","hentry"],"acf":[],"_links":{"self":[{"href":"https:\/\/leasegreen.com\/sv\/wp-json\/wp\/v2\/pages\/3670","targetHints":{"allow":["GET"]}}],"collection":[{"href":"https:\/\/leasegreen.com\/sv\/wp-json\/wp\/v2\/pages"}],"about":[{"href":"https:\/\/leasegreen.com\/sv\/wp-json\/wp\/v2\/types\/page"}],"author":[{"embeddable":true,"href":"https:\/\/leasegreen.com\/sv\/wp-json\/wp\/v2\/users\/1"}],"replies":[{"embeddable":true,"href":"https:\/\/leasegreen.com\/sv\/wp-json\/wp\/v2\/comments?post=3670"}],"version-history":[{"count":2,"href":"https:\/\/leasegreen.com\/sv\/wp-json\/wp\/v2\/pages\/3670\/revisions"}],"predecessor-version":[{"id":3863,"href":"https:\/\/leasegreen.com\/sv\/wp-json\/wp\/v2\/pages\/3670\/revisions\/3863"}],"up":[{"embeddable":true,"href":"https:\/\/leasegreen.com\/sv\/wp-json\/wp\/v2\/pages\/3335"}],"wp:attachment":[{"href":"https:\/\/leasegreen.com\/sv\/wp-json\/wp\/v2\/media?parent=3670"}],"curies":[{"name":"wp","href":"https:\/\/api.w.org\/{rel}","templated":true}]}}