{"id":3668,"date":"2025-11-03T13:23:17","date_gmt":"2025-11-03T11:23:17","guid":{"rendered":"https:\/\/leasegreen.com\/leasegreen\/bli-en-partner\/"},"modified":"2025-11-26T12:53:29","modified_gmt":"2025-11-26T10:53:29","slug":"bli-en-partner","status":"publish","type":"page","link":"https:\/\/leasegreen.com\/sv\/leasegreen\/bli-en-partner\/","title":{"rendered":"Bli en partner"},"content":{"rendered":"<section class=\"block block-hero no-media\">\r\n\r\n    <div class=\"hero-media\">\r\n                    <\/div>\r\n\r\n    <div class=\"hero-content\">\r\n        <div class=\"container\">\r\n            \r\n            \r\n            \r\n            \r\n            <div class=\"content-container reveal\">\r\n                \n<div class=\"wp-block-wds-hero\">\n<h1 class=\"wp-block-heading\">Bli en partner<\/h1>\n\n\n\n<p>Vi letar st\u00e4ndigt efter bra partners som kan arbeta med oss i energieffektiviseringsprojekt f\u00f6r att f\u00f6rb\u00e4ttra byggnaders energieffektivitet och minska deras koldioxidavtryck. Vi genomf\u00f6r projekt f\u00f6r bostadsr\u00e4ttsf\u00f6reningar, olika kontors- och aff\u00e4rsbyggnader samt produktionsanl\u00e4ggningar. <\/p>\n<\/div>\n                            <\/div>\r\n        <\/div>\r\n    <\/div>\r\n<\/section>\n\n<section class=\"block block-text-image image-right style-regular\">\r\n    <div class=\"container\">\r\n        <div class=\"text-image-container\">\r\n            <div class=\"text-content reveal\">\r\n                                \n<div class=\"wp-block-wds-text-image\">\n<p>F\u00f6rutom i huvudstadsregionen \u00e4r vi ocks\u00e5 verksamma i \u00c5bo, Tammerfors och dessa st\u00e4ders n\u00e4romr\u00e5den.<br><br>Vi har \u00f6ver tio \u00e5rs erfarenhet, ett holistiskt syns\u00e4tt och trevliga m\u00e4nniskor. Vi \u00e4r \u00f6ppna och r\u00e4ttvisa mot v\u00e5ra partners. Det \u00e4r sk\u00e4len till att m\u00e4nniskor tycker om att arbeta med oss och litar p\u00e5 oss.  <\/p>\n<\/div>\n            <\/div>\r\n\r\n                            <div class=\"image-content reveal\">\r\n                    <img loading=\"lazy\" decoding=\"async\" src=\"https:\/\/leasegreen.com\/wp-content\/uploads\/2025\/11\/leasegreen_oikeustalo-4-scaled-2-590x393.jpg\" alt=\"\" width=\"2560\" height=\"1707\" srcset=\"https:\/\/leasegreen.com\/wp-content\/uploads\/2025\/11\/leasegreen_oikeustalo-4-scaled-2-300x200.jpg 300w, https:\/\/leasegreen.com\/wp-content\/uploads\/2025\/11\/leasegreen_oikeustalo-4-scaled-2-1024x683.jpg 1024w, https:\/\/leasegreen.com\/wp-content\/uploads\/2025\/11\/leasegreen_oikeustalo-4-scaled-2-768x512.jpg 768w, https:\/\/leasegreen.com\/wp-content\/uploads\/2025\/11\/leasegreen_oikeustalo-4-scaled-2-1536x1024.jpg 1536w, https:\/\/leasegreen.com\/wp-content\/uploads\/2025\/11\/leasegreen_oikeustalo-4-scaled-2-2048x1366.jpg 2048w, https:\/\/leasegreen.com\/wp-content\/uploads\/2025\/11\/leasegreen_oikeustalo-4-scaled-2-1920x1280.jpg 1920w, https:\/\/leasegreen.com\/wp-content\/uploads\/2025\/11\/leasegreen_oikeustalo-4-scaled-2-889x593.jpg 889w, https:\/\/leasegreen.com\/wp-content\/uploads\/2025\/11\/leasegreen_oikeustalo-4-scaled-2-714x476.jpg 714w, https:\/\/leasegreen.com\/wp-content\/uploads\/2025\/11\/leasegreen_oikeustalo-4-scaled-2-590x393.jpg 590w, https:\/\/leasegreen.com\/wp-content\/uploads\/2025\/11\/leasegreen_oikeustalo-4-scaled-2-367x245.jpg 367w\">                <\/div>\r\n                    <\/div>\r\n    <\/div>\r\n<\/section>\n\n<div class=\"block block-text-person\">\r\n    <div class=\"container\">\r\n        <div class=\"text-person-content\">\r\n            <div class=\"text-content\">\r\n                \n<div class=\"wp-block-wds-text-person\">\n<h2 class=\"wp-block-heading\">Kontakta oss<\/h2>\n\n\n\n<p>&#8221;Moderna upphandlingar \u00e4r mer som rekrytering. Det bygger p\u00e5 f\u00f6rtroende och samarbete.\"<\/p>\n<\/div>\n            <\/div>\r\n\r\n            <div class=\"person-content\">\r\n                                    <div class=\"person-image\">\r\n                        <img decoding=\"async\" src=\"https:\/\/leasegreen.com\/wp-content\/uploads\/2025\/11\/Einari-Helminen-scaled.png\" alt=\"\" srcset=\"https:\/\/leasegreen.com\/wp-content\/uploads\/2025\/11\/Einari-Helminen-300x300.png 300w, https:\/\/leasegreen.com\/wp-content\/uploads\/2025\/11\/Einari-Helminen-1024x1024.png 1024w, https:\/\/leasegreen.com\/wp-content\/uploads\/2025\/11\/Einari-Helminen-150x150.png 150w, https:\/\/leasegreen.com\/wp-content\/uploads\/2025\/11\/Einari-Helminen-768x768.png 768w\">                    <\/div>\r\n                \r\n                <div class=\"person-details\">\r\n                                            <h3 class=\"person-name\">Einari Helminen<\/h3>\r\n                    \r\n                                            <p class=\"person-position\">Ink\u00f6pschef<\/p>\r\n                    \r\n                                            <div class=\"person-contact\">\r\n                                                            <div class=\"contact-item\">\r\n                                    <span class=\"contact-icon phone-icon\"><\/span>\r\n                                    <a href=\"tel:044 3387857\" class=\"contact-text\">044 3387857<\/a>\r\n                                <\/div>\r\n                            \r\n                                                            <div class=\"contact-item\">\r\n                                    <span class=\"contact-icon email-icon\"><\/span>\r\n                                    <a href=\"mailto:einari.helminen@leasegreen.com\" class=\"contact-text\">einari.helminen@leasegreen.com<\/a>\r\n                                <\/div>\r\n                            \r\n                                                    <\/div>\r\n                                    <\/div>\r\n            <\/div>\r\n        <\/div>\r\n    <\/div>\r\n<\/div>","protected":false},"excerpt":{"rendered":"","protected":false},"author":1,"featured_media":0,"parent":3605,"menu_order":0,"comment_status":"closed","ping_status":"closed","template":"","meta":{"_acf_changed":false,"_page_background_color":"","_accent_color":"","footnotes":""},"class_list":["post-3668","page","type-page","status-publish","hentry"],"acf":[],"_links":{"self":[{"href":"https:\/\/leasegreen.com\/sv\/wp-json\/wp\/v2\/pages\/3668","targetHints":{"allow":["GET"]}}],"collection":[{"href":"https:\/\/leasegreen.com\/sv\/wp-json\/wp\/v2\/pages"}],"about":[{"href":"https:\/\/leasegreen.com\/sv\/wp-json\/wp\/v2\/types\/page"}],"author":[{"embeddable":true,"href":"https:\/\/leasegreen.com\/sv\/wp-json\/wp\/v2\/users\/1"}],"replies":[{"embeddable":true,"href":"https:\/\/leasegreen.com\/sv\/wp-json\/wp\/v2\/comments?post=3668"}],"version-history":[{"count":3,"href":"https:\/\/leasegreen.com\/sv\/wp-json\/wp\/v2\/pages\/3668\/revisions"}],"predecessor-version":[{"id":4140,"href":"https:\/\/leasegreen.com\/sv\/wp-json\/wp\/v2\/pages\/3668\/revisions\/4140"}],"up":[{"embeddable":true,"href":"https:\/\/leasegreen.com\/sv\/wp-json\/wp\/v2\/pages\/3605"}],"wp:attachment":[{"href":"https:\/\/leasegreen.com\/sv\/wp-json\/wp\/v2\/media?parent=3668"}],"curies":[{"name":"wp","href":"https:\/\/api.w.org\/{rel}","templated":true}]}}