{"id":3605,"date":"2025-11-03T13:17:34","date_gmt":"2025-11-03T11:17:34","guid":{"rendered":"https:\/\/leasegreen.com\/leasegreen\/"},"modified":"2025-11-13T13:18:45","modified_gmt":"2025-11-13T11:18:45","slug":"leasegreen","status":"publish","type":"page","link":"https:\/\/leasegreen.com\/sv\/leasegreen\/","title":{"rendered":"LeaseGreen"},"content":{"rendered":"<section class=\"block block-text-image image-right style-regular\">\r\n    <div class=\"container\">\r\n        <div class=\"text-image-container\">\r\n            <div class=\"text-content reveal\">\r\n                                \n<div class=\"wp-block-wds-text-image\">\n<h1 class=\"wp-block-heading\">LeaseGreen<\/h1>\n\n\n\n<p>LeaseGreen startade 2013, n\u00e4r grundarna <strong>Tomi M\u00e4kipelto<\/strong> och <strong>Juho R\u00f6nni<\/strong> m\u00e4rkte att det fanns ett stort tomrum p\u00e5 marknaden.<\/p>\n\n\n\n<p>Stora summor investerades i energiproduktionsanl\u00e4ggningar, trots att den f\u00f6rv\u00e4ntade avkastningen var blygsam. Samtidigt gjordes inga investeringar i energieffektivisering av fastigheter - trots att den potentiella avkastningen var m\u00e5ngdubbelt h\u00f6gre. Det var n\u00e5got som saknades.  <\/p>\n\n\n\n<p>Det beh\u00f6vdes en akt\u00f6r som gjorde investeringar i energieffektivitet i byggnader <strong>tekniskt tillf\u00f6rlitliga, ekonomiskt s\u00e4kra och enkla att fatta beslut om.<\/strong><\/p>\n\n\n\n<p>Starten var snabb. LeaseGreen samlade ett talangfullt team och paketerade de tekniska l\u00f6sningarna i en finansieringsmodell, med besparingar som t\u00e4cker delbetalningar f\u00f6rdelade \u00f6ver flera \u00e5r. Modellen s\u00e4nkte starttr\u00f6skeln, gav omedelbara besparingar och gjorde energirenoveringar till en del av verktygsl\u00e5dan f\u00f6r alla professionella fastighets\u00e4gare.  <\/p>\n<\/div>\n            <\/div>\r\n\r\n                            <div class=\"image-content reveal\">\r\n                    <img loading=\"lazy\" decoding=\"async\" src=\"https:\/\/leasegreen.com\/wp-content\/uploads\/2025\/11\/LeaseGreen_Academy-6-447x590.jpg\" alt=\"\" width=\"1168\" height=\"1540\" srcset=\"https:\/\/leasegreen.com\/wp-content\/uploads\/2025\/11\/LeaseGreen_Academy-6-228x300.jpg 228w, https:\/\/leasegreen.com\/wp-content\/uploads\/2025\/11\/LeaseGreen_Academy-6-777x1024.jpg 777w, https:\/\/leasegreen.com\/wp-content\/uploads\/2025\/11\/LeaseGreen_Academy-6-768x1013.jpg 768w, https:\/\/leasegreen.com\/wp-content\/uploads\/2025\/11\/LeaseGreen_Academy-6-1165x1536.jpg 1165w, https:\/\/leasegreen.com\/wp-content\/uploads\/2025\/11\/LeaseGreen_Academy-6-450x593.jpg 450w, https:\/\/leasegreen.com\/wp-content\/uploads\/2025\/11\/LeaseGreen_Academy-6-403x531.jpg 403w, https:\/\/leasegreen.com\/wp-content\/uploads\/2025\/11\/LeaseGreen_Academy-6-447x590.jpg 447w, https:\/\/leasegreen.com\/wp-content\/uploads\/2025\/11\/LeaseGreen_Academy-6.jpg 1168w\">                <\/div>\r\n                    <\/div>\r\n    <\/div>\r\n<\/section><section class=\"block block-text-image image-left style-regular\">\r\n    <div class=\"container\">\r\n        <div class=\"text-image-container\">\r\n            <div class=\"text-content reveal\">\r\n                                \n<div class=\"wp-block-wds-text-image\">\n<p>I takt med att marknaden utvecklades \u00f6vergick LeaseGreen till mer sofistikerade projekt och helt\u00e4ckande servicemodeller. I en tid med nollr\u00e4ntor minskade betydelsen av f\u00e4rdiga finansieringspaket och fokus flyttades till h\u00f6gkvalitativa energil\u00f6sningar som ger m\u00e4tbara resultat - fr\u00e5n bergv\u00e4rme och v\u00e4rmepumpar till ventilationsoptimering, v\u00e4rme\u00e5tervinning och automation. F\u00f6rutom kommersiella byggnader och industribyggnader har vi \u00e4ven kunnat leverera till stora bostadsr\u00e4ttsf\u00f6reningar, industrianl\u00e4ggningar, hotell och offentliga byggnader.  <\/p>\n\n\n\n<p>Under de senaste \u00e5ren har det funnits en samsyn p\u00e5 marknaden om att energieffektivitet och sj\u00e4lvf\u00f6rs\u00f6rjning av energi kan minska de framtida riskerna f\u00f6r en fastighet avsev\u00e4rt. Energiklasserna \u00e4r direkt avg\u00f6rande f\u00f6r en fastighets ekonomiska b\u00e4rkraft, och sj\u00e4lvf\u00f6rs\u00f6rjningen utg\u00f6r ett skydd mot stigande energipriser. F\u00f6rutom direkta besparingar hj\u00e4lper vi v\u00e5ra kunder att g\u00f6ra sina fastigheter till klass A-byggnader l\u00e5ngt in i framtiden.  <\/p>\n\n\n\n<p>Idag \u00e4r LeaseGreen ett fullservicevaruhus f\u00f6r energieffektivitet i fastigheter. Vi genomf\u00f6r de mest kr\u00e4vande energirenoveringarna i landet och erbjuder resultatinriktad r\u00e5dgivning under hela livscykeln f\u00f6r fastighets\u00e4gande. Vi v\u00e4gleder v\u00e5ra kunder i deras energianv\u00e4ndning f\u00f6r att \u00f6ka besparingarna och vi utf\u00f6r \u00e4ven service p\u00e5 v\u00e4rmesystem p\u00e5 plats - eftersom vi vet att man kan g\u00f6ra stora besparingar genom att ta hand om de sm\u00e5 sakerna.<\/p>\n<\/div>\n            <\/div>\r\n\r\n                            <div class=\"image-content reveal\">\r\n                    <img loading=\"lazy\" decoding=\"async\" src=\"https:\/\/leasegreen.com\/wp-content\/uploads\/2025\/11\/leasegreen_bakers-31-scaled-4-590x393.jpg\" alt=\"\" width=\"2560\" height=\"1707\" srcset=\"https:\/\/leasegreen.com\/wp-content\/uploads\/2025\/11\/leasegreen_bakers-31-scaled-4-300x200.jpg 300w, https:\/\/leasegreen.com\/wp-content\/uploads\/2025\/11\/leasegreen_bakers-31-scaled-4-1024x683.jpg 1024w, https:\/\/leasegreen.com\/wp-content\/uploads\/2025\/11\/leasegreen_bakers-31-scaled-4-768x512.jpg 768w, https:\/\/leasegreen.com\/wp-content\/uploads\/2025\/11\/leasegreen_bakers-31-scaled-4-1536x1024.jpg 1536w, https:\/\/leasegreen.com\/wp-content\/uploads\/2025\/11\/leasegreen_bakers-31-scaled-4-2048x1366.jpg 2048w, https:\/\/leasegreen.com\/wp-content\/uploads\/2025\/11\/leasegreen_bakers-31-scaled-4-1920x1280.jpg 1920w, https:\/\/leasegreen.com\/wp-content\/uploads\/2025\/11\/leasegreen_bakers-31-scaled-4-889x593.jpg 889w, https:\/\/leasegreen.com\/wp-content\/uploads\/2025\/11\/leasegreen_bakers-31-scaled-4-714x476.jpg 714w, https:\/\/leasegreen.com\/wp-content\/uploads\/2025\/11\/leasegreen_bakers-31-scaled-4-590x393.jpg 590w, https:\/\/leasegreen.com\/wp-content\/uploads\/2025\/11\/leasegreen_bakers-31-scaled-4-367x245.jpg 367w\">                <\/div>\r\n                    <\/div>\r\n    <\/div>\r\n<\/section><section class=\"block block-text-image image-right style-regular\">\r\n    <div class=\"container\">\r\n        <div class=\"text-image-container\">\r\n            <div class=\"text-content reveal\">\r\n                                \n<div class=\"wp-block-wds-text-image\">\n<p>Vi har kommit en l\u00e5ng v\u00e4g och vuxit upp mitt i en tid av m\u00e5nga f\u00f6r\u00e4ndringar. V\u00e5ra servicemodeller och tekniska l\u00f6sningar har utvecklats och diversifierats, men v\u00e5rt huvudm\u00e5l har inte r\u00f6rt sig en tum: att <g id=\"gid_0\">alltid<\/g> leverera <g id=\"gid_0\">h\u00e5llbara energibesparingar<\/g> till v\u00e5ra kunder. Med extrem ambition, utan att kompromissa med villkoren.  <\/p>\n\n\n\n<p>V\u00e4lkommen till LeaseGreens historia.<\/p>\n\n\n\n<div class=\"wp-block-buttons is-layout-flex wp-block-buttons-is-layout-flex\">\n<div class=\"wp-block-button\"><a class=\"wp-block-button__link wp-element-button\" href=\"https:\/\/leasegreen.com\/yhteystiedot\/\">Kontakta oss<\/a><\/div>\n<\/div>\n<\/div>\n            <\/div>\r\n\r\n                            <div class=\"image-content reveal\">\r\n                    <img loading=\"lazy\" decoding=\"async\" src=\"https:\/\/leasegreen.com\/wp-content\/uploads\/2025\/11\/jonni-ahonen-web-4-590x393.jpg\" alt=\"\" width=\"1920\" height=\"1280\" srcset=\"https:\/\/leasegreen.com\/wp-content\/uploads\/2025\/11\/jonni-ahonen-web-4-300x200.jpg 300w, https:\/\/leasegreen.com\/wp-content\/uploads\/2025\/11\/jonni-ahonen-web-4-1024x683.jpg 1024w, https:\/\/leasegreen.com\/wp-content\/uploads\/2025\/11\/jonni-ahonen-web-4-768x512.jpg 768w, https:\/\/leasegreen.com\/wp-content\/uploads\/2025\/11\/jonni-ahonen-web-4-1536x1024.jpg 1536w, https:\/\/leasegreen.com\/wp-content\/uploads\/2025\/11\/jonni-ahonen-web-4-890x593.jpg 890w, https:\/\/leasegreen.com\/wp-content\/uploads\/2025\/11\/jonni-ahonen-web-4-714x476.jpg 714w, https:\/\/leasegreen.com\/wp-content\/uploads\/2025\/11\/jonni-ahonen-web-4-590x393.jpg 590w, https:\/\/leasegreen.com\/wp-content\/uploads\/2025\/11\/jonni-ahonen-web-4-367x245.jpg 367w, https:\/\/leasegreen.com\/wp-content\/uploads\/2025\/11\/jonni-ahonen-web-4.jpg 1920w\">                <\/div>\r\n                    <\/div>\r\n    <\/div>\r\n<\/section><section class=\"block block-text-image image-left style-regular\">\r\n    <div class=\"container\">\r\n        <div class=\"text-image-container\">\r\n            <div class=\"text-content reveal\">\r\n                                    <p class=\"tagline\">EN M\u00c5NGSIDIG SPELARE<\/p>\r\n                                \n<div class=\"wp-block-wds-text-image\">\n<h2 class=\"wp-block-heading\">Ett mer varierat utbud av tekniker och ekonomier \u00e4n vanligt.<\/h2>\n\n\n\n<p>Vi erbjuder v\u00e5ra kunder ett brett perspektiv p\u00e5 energieffektivisering av byggnader. Denna vision baseras p\u00e5 branschledande teknoekonomisk expertis, omfattande marknadsdata och erfarenhet fr\u00e5n hundratals energirenoveringar. <\/p>\n<\/div>\n            <\/div>\r\n\r\n                            <div class=\"image-content reveal\">\r\n                    <img loading=\"lazy\" decoding=\"async\" src=\"https:\/\/leasegreen.com\/wp-content\/uploads\/2025\/11\/leasegreen_kutomo_01-scaled-1-590x392.jpg\" alt=\"\" width=\"2560\" height=\"1703\" srcset=\"https:\/\/leasegreen.com\/wp-content\/uploads\/2025\/11\/leasegreen_kutomo_01-scaled-1-300x200.jpg 300w, https:\/\/leasegreen.com\/wp-content\/uploads\/2025\/11\/leasegreen_kutomo_01-scaled-1-1024x681.jpg 1024w, https:\/\/leasegreen.com\/wp-content\/uploads\/2025\/11\/leasegreen_kutomo_01-scaled-1-768x511.jpg 768w, https:\/\/leasegreen.com\/wp-content\/uploads\/2025\/11\/leasegreen_kutomo_01-scaled-1-1536x1022.jpg 1536w, https:\/\/leasegreen.com\/wp-content\/uploads\/2025\/11\/leasegreen_kutomo_01-scaled-1-2048x1362.jpg 2048w, https:\/\/leasegreen.com\/wp-content\/uploads\/2025\/11\/leasegreen_kutomo_01-scaled-1-1920x1277.jpg 1920w, https:\/\/leasegreen.com\/wp-content\/uploads\/2025\/11\/leasegreen_kutomo_01-scaled-1-891x593.jpg 891w, https:\/\/leasegreen.com\/wp-content\/uploads\/2025\/11\/leasegreen_kutomo_01-scaled-1-714x475.jpg 714w, https:\/\/leasegreen.com\/wp-content\/uploads\/2025\/11\/leasegreen_kutomo_01-scaled-1-590x392.jpg 590w, https:\/\/leasegreen.com\/wp-content\/uploads\/2025\/11\/leasegreen_kutomo_01-scaled-1-367x245.jpg 367w\">                <\/div>\r\n                    <\/div>\r\n    <\/div>\r\n<\/section><section class=\"block block-text-image image-right style-regular\">\r\n    <div class=\"container\">\r\n        <div class=\"text-image-container\">\r\n            <div class=\"text-content reveal\">\r\n                                    <p class=\"tagline\">ANSVAR<\/p>\r\n                                \n<div class=\"wp-block-wds-text-image\">\n<h2 class=\"wp-block-heading\">Milj\u00f6 och pengar \u00e4r inte l\u00e4ngre motpoler.<\/h2>\n\n\n\n<p>Vi hj\u00e4lper f\u00f6retag att inse att ansvarstagande f\u00f6r samh\u00e4lle och milj\u00f6 inte undergr\u00e4ver l\u00f6nsamheten i verksamheten. Pengar och h\u00e5llbarhetsm\u00e5l st\u00e5r inte i konflikt med varandra. De st\u00f6djer varandra.  <\/p>\n<\/div>\n            <\/div>\r\n\r\n                            <div class=\"image-content reveal\">\r\n                    <img loading=\"lazy\" decoding=\"async\" src=\"https:\/\/leasegreen.com\/wp-content\/uploads\/2025\/11\/LeaseGreen_Academy-12-447x590.jpg\" alt=\"\" width=\"1168\" height=\"1540\" srcset=\"https:\/\/leasegreen.com\/wp-content\/uploads\/2025\/11\/LeaseGreen_Academy-12-228x300.jpg 228w, https:\/\/leasegreen.com\/wp-content\/uploads\/2025\/11\/LeaseGreen_Academy-12-777x1024.jpg 777w, https:\/\/leasegreen.com\/wp-content\/uploads\/2025\/11\/LeaseGreen_Academy-12-768x1013.jpg 768w, https:\/\/leasegreen.com\/wp-content\/uploads\/2025\/11\/LeaseGreen_Academy-12-1165x1536.jpg 1165w, https:\/\/leasegreen.com\/wp-content\/uploads\/2025\/11\/LeaseGreen_Academy-12-450x593.jpg 450w, https:\/\/leasegreen.com\/wp-content\/uploads\/2025\/11\/LeaseGreen_Academy-12-403x531.jpg 403w, https:\/\/leasegreen.com\/wp-content\/uploads\/2025\/11\/LeaseGreen_Academy-12-447x590.jpg 447w, https:\/\/leasegreen.com\/wp-content\/uploads\/2025\/11\/LeaseGreen_Academy-12.jpg 1168w\">                <\/div>\r\n                    <\/div>\r\n    <\/div>\r\n<\/section><section class=\"block block-text-image image-left style-regular\">\r\n    <div class=\"container\">\r\n        <div class=\"text-image-container\">\r\n            <div class=\"text-content reveal\">\r\n                                    <p class=\"tagline\">KUNSKAPER<\/p>\r\n                                \n<div class=\"wp-block-wds-text-image\">\n<h2 class=\"wp-block-heading\">Starkare och klokare f\u00f6r varje dag som g\u00e5r.<\/h2>\n\n\n\n<p>Med n\u00e4stan ett decenniums erfarenhet av energirenovering och energieffektivisering av byggnader har vi starkare muskler \u00e4n vanligt. Varje dag l\u00e4r vi oss mer om hur vi kan g\u00f6ra saker b\u00e4ttre. <\/p>\n<\/div>\n            <\/div>\r\n\r\n                            <div class=\"image-content reveal\">\r\n                    <img loading=\"lazy\" decoding=\"async\" src=\"https:\/\/leasegreen.com\/wp-content\/uploads\/2025\/11\/energiatehokkuus-34-of-43-scaled-5-590x393.jpg\" alt=\"\" width=\"2560\" height=\"1706\" srcset=\"https:\/\/leasegreen.com\/wp-content\/uploads\/2025\/11\/energiatehokkuus-34-of-43-scaled-5-300x200.jpg 300w, https:\/\/leasegreen.com\/wp-content\/uploads\/2025\/11\/energiatehokkuus-34-of-43-scaled-5-1024x682.jpg 1024w, https:\/\/leasegreen.com\/wp-content\/uploads\/2025\/11\/energiatehokkuus-34-of-43-scaled-5-768x512.jpg 768w, https:\/\/leasegreen.com\/wp-content\/uploads\/2025\/11\/energiatehokkuus-34-of-43-scaled-5-1536x1024.jpg 1536w, https:\/\/leasegreen.com\/wp-content\/uploads\/2025\/11\/energiatehokkuus-34-of-43-scaled-5-2048x1365.jpg 2048w, https:\/\/leasegreen.com\/wp-content\/uploads\/2025\/11\/energiatehokkuus-34-of-43-scaled-5-1920x1280.jpg 1920w, https:\/\/leasegreen.com\/wp-content\/uploads\/2025\/11\/energiatehokkuus-34-of-43-scaled-5-890x593.jpg 890w, https:\/\/leasegreen.com\/wp-content\/uploads\/2025\/11\/energiatehokkuus-34-of-43-scaled-5-714x476.jpg 714w, https:\/\/leasegreen.com\/wp-content\/uploads\/2025\/11\/energiatehokkuus-34-of-43-scaled-5-590x393.jpg 590w, https:\/\/leasegreen.com\/wp-content\/uploads\/2025\/11\/energiatehokkuus-34-of-43-scaled-5-367x245.jpg 367w\">                <\/div>\r\n                    <\/div>\r\n    <\/div>\r\n<\/section><section class=\"block block-quote has-violet-light-background-color has-background\">\r\n    <div class=\"container\">\r\n        <div class=\"content-container reveal\">\r\n            \n<div class=\"wp-block-wds-quote has-violet-light-background-color has-background\">\n<h3 class=\"wp-block-heading quote-text\">Den b\u00e4sta kompetensen i branschen och motiverade m\u00e4nniskor \u00e4r h\u00f6rnstenarna i LeaseGreens framg\u00e5ng. Vikten av kompetenta, entusiastiska och engagerade medarbetare kan inte nog betonas i detta arbete. <\/h3>\n\n\n\n<p class=\"quote-author\"><\/p>\n<\/div>\n        <\/div>\r\n    <\/div>\r\n<\/section><div class=\"block block-faq\">\r\n    <div class=\"container\">\r\n        \r\n                    <div class=\"accordion accordion-sections\"><div class=\"accordion-section\"><div class=\"accordion-item\"><h4 class=\"h5 accordion-header\" id=\"heading-varderingar-och-styrkoraccordion-item-69db62ced483b2.19861941\"><button class=\"accordion-button\" type=\"button\" data-bs-toggle=\"collapse\" data-bs-target=\"#collapse-varderingar-och-styrkoraccordion-item-69db62ced483b2.19861941\" aria-expanded=\"true\" aria-controls=\"collapse-varderingar-och-styrkoraccordion-item-69db62ced483b2.19861941\">V\u00e4rderingar och styrkor<\/button><\/h4><div id=\"collapse-varderingar-och-styrkoraccordion-item-69db62ced483b2.19861941\" class=\"accordion-collapse collapse\" aria-labelledby=\"heading-varderingar-och-styrkoraccordion-item-69db62ced483b2.19861941\"><div class=\"accordion-body\"><div class=\"accordion-body-container\"><div class=\"wp-block-group faq-answer is-layout-constrained wp-block-group-is-layout-constrained\">\n<p>Arbetsgl\u00e4dje, ansvarstagande, \u00f6ppenhet och \u00e4rlighet. Fyra saker som ligger till grund f\u00f6r allt vi g\u00f6r. <\/p>\n\n\n\n<p>Vi lyssnar p\u00e5 andra m\u00e4nniskor f\u00f6r att hitta b\u00e4sta m\u00f6jliga l\u00f6sning. Vi f\u00f6ljer inte bara v\u00e5r egen agenda och avvisar inte alternativa \u00e5sikter. <\/p>\n\n\n\n<p>Vi \u00e4r ett inspirerande f\u00f6red\u00f6me. Vi styr samh\u00e4llet mot det b\u00e4ttre. Vi \u00e4r inte arroganta och s\u00f6ker inte framg\u00e5ng p\u00e5 andras bekostnad.  <\/p>\n\n\n\n<p>Vi h\u00e5ller vad vi lovar och agerar utifr\u00e5n det f\u00f6rtroende du har gett oss. Men vi \u00e4r inte \u00f6verm\u00e4nskliga. Om vi g\u00f6r misstag tar vi ansvar f\u00f6r dem.  <\/p>\n<\/div><\/div><\/div><\/div><\/div><\/div><div class=\"accordion-section\"><div class=\"accordion-item\"><h4 class=\"h5 accordion-header\" id=\"heading-agareaccordion-item-69db62ced49081.08613829\"><button class=\"accordion-button\" type=\"button\" data-bs-toggle=\"collapse\" data-bs-target=\"#collapse-agareaccordion-item-69db62ced49081.08613829\" aria-expanded=\"true\" aria-controls=\"collapse-agareaccordion-item-69db62ced49081.08613829\">\u00c4gare<\/button><\/h4><div id=\"collapse-agareaccordion-item-69db62ced49081.08613829\" class=\"accordion-collapse collapse\" aria-labelledby=\"heading-agareaccordion-item-69db62ced49081.08613829\"><div class=\"accordion-body\"><div class=\"accordion-body-container\"><div class=\"wp-block-group faq-answer is-layout-constrained wp-block-group-is-layout-constrained\">\n<p>LeaseGreen \u00e4r ett finskt bolag. Det \u00e4gs av Hartwall Capital, familjen Hartwalls investmentbolag,<br>personal och ett antal finska investerare. <\/p>\n\n\n\n<p>Styrelsen best\u00e5r av <strong>Frank Korsstr\u00f6m<\/strong> (ordf\u00f6rande), <strong>Niko Mokkila<\/strong>, <strong>Tomi M\u00e4kipelto<\/strong> och <strong>Janne J\u00e4rvinen<\/strong>.<\/p>\n<\/div><\/div><\/div><\/div><\/div><\/div><div class=\"accordion-section\"><div class=\"accordion-item\"><h4 class=\"h5 accordion-header\" id=\"heading-hur-star-vi-ut-fran-konkurrenternaaccordion-item-69db62ced49193.92333582\"><button class=\"accordion-button\" type=\"button\" data-bs-toggle=\"collapse\" data-bs-target=\"#collapse-hur-star-vi-ut-fran-konkurrenternaaccordion-item-69db62ced49193.92333582\" aria-expanded=\"true\" aria-controls=\"collapse-hur-star-vi-ut-fran-konkurrenternaaccordion-item-69db62ced49193.92333582\">Hur st\u00e5r vi ut fr\u00e5n konkurrenterna?<\/button><\/h4><div id=\"collapse-hur-star-vi-ut-fran-konkurrenternaaccordion-item-69db62ced49193.92333582\" class=\"accordion-collapse collapse\" aria-labelledby=\"heading-hur-star-vi-ut-fran-konkurrenternaaccordion-item-69db62ced49193.92333582\"><div class=\"accordion-body\"><div class=\"accordion-body-container\"><div class=\"wp-block-group faq-answer is-layout-constrained wp-block-group-is-layout-constrained\">\n<p>Det korta svaret: med kunskap och attityd. Vi tar ansvar f\u00f6r helheten. L\u00e4ngre svar i tabellen.  <\/p>\n\n\n\n<figure class=\"wp-block-table\"><table class=\"has-fixed-layout\"><tbody><tr><th><\/th><th>Konsultf\u00f6retag<\/th><th>LeaseGreen<\/th><th>Entrepren\u00f6r<\/th><\/tr><tr><td>\u00d6vergripande ansvar<\/td><td><\/td><td>\u25cf<\/td><td><\/td><\/tr><tr><td>Strategisk vision<\/td><td>\u25cf<\/td><td>\u25cf<\/td><td><\/td><\/tr><tr><td>Ekonomisk vision<\/td><td>\u25cf<\/td><td>\u25cf<\/td><td><\/td><\/tr><tr><td>Teknisk vision<\/td><td>\u25cf<\/td><td>\u25cf<\/td><td>\u25cf<\/td><\/tr><tr><td>En stark erfarenhet<\/td><td>\u25cf<\/td><td>\u25cf<\/td><td>\u25cf<\/td><\/tr><tr><td>Flexibilitet<\/td><td>\u25cf<\/td><td>\u25cf<\/td><td>\u25cf<\/td><\/tr><tr><td>Kontinuerlig optimering av systemet<\/td><td><\/td><td>\u25cf<\/td><td><\/td><\/tr><tr><td>Nollinvestering<\/td><td><\/td><td>\u25cf<\/td><td><\/td><\/tr><tr><td>Digital tvillingsats<\/td><td><\/td><td>\u25cf<\/td><td><\/td><\/tr><tr><td>Egen produktutveckling<\/td><td>\u25cf<\/td><td>\u25cf<\/td><td>\u25cf<\/td><\/tr><tr><td>Nya utvecklingsid\u00e9er<\/td><td>\u25cf<\/td><td>\u25cf<\/td><td>\u25cf<\/td><\/tr><tr><td>Ansvar f\u00f6r utfallet<\/td><td><\/td><td>\u25cf<\/td><td>\u25cf<\/td><\/tr><tr><td>Trevliga m\u00e4nniskor<\/td><td>\u25cf<\/td><td>\u25cf<\/td><td>\u25cf<\/td><\/tr><\/tbody><\/table><\/figure>\n\n\n\n<p><\/p>\n<\/div><\/div><\/div><\/div><\/div><\/div><\/div>            <\/div>\r\n<\/div>\r\n\r\n    <script type=\"application\/ld+json\">\r\n        {\n    \"@context\": \"https:\/\/schema.org\",\n    \"@type\": \"FAQPage\",\n    \"mainEntity\": [\n        {\n            \"@type\": \"Question\",\n            \"name\": \"V\u00e4rderingar och styrkor\",\n            \"acceptedAnswer\": {\n                \"@type\": \"Answer\",\n                \"text\": \"Arbetsgl\u00e4dje, ansvarstagande, \u00f6ppenhet och \u00e4rlighet. Fyra saker som ligger till grund f\u00f6r allt vi g\u00f6r. \\n\\n\\n\\nVi lyssnar p\u00e5 andra m\u00e4nniskor f\u00f6r att hitta b\u00e4sta m\u00f6jliga l\u00f6sning. Vi f\u00f6ljer inte bara v\u00e5r egen agenda och avvisar inte alternativa \u00e5sikter. \\n\\n\\n\\nVi \u00e4r ett inspirerande f\u00f6red\u00f6me. Vi styr samh\u00e4llet mot det b\u00e4ttre. Vi \u00e4r inte arroganta och s\u00f6ker inte framg\u00e5ng p\u00e5 andras bekostnad.  \\n\\n\\n\\nVi h\u00e5ller vad vi lovar och agerar utifr\u00e5n det f\u00f6rtroende du har gett oss. Men vi \u00e4r inte \u00f6verm\u00e4nskliga. Om vi g\u00f6r misstag tar vi ansvar f\u00f6r dem.\"\n            }\n        },\n        {\n            \"@type\": \"Question\",\n            \"name\": \"\u00c4gare\",\n            \"acceptedAnswer\": {\n                \"@type\": \"Answer\",\n                \"text\": \"LeaseGreen \u00e4r ett finskt bolag. Det \u00e4gs av Hartwall Capital, familjen Hartwalls investmentbolag,personal och ett antal finska investerare. \\n\\n\\n\\nStyrelsen best\u00e5r av Frank Korsstr\u00f6m (ordf\u00f6rande), Niko Mokkila, Tomi M\u00e4kipelto och Janne J\u00e4rvinen.\"\n            }\n        },\n        {\n            \"@type\": \"Question\",\n            \"name\": \"Hur st\u00e5r vi ut fr\u00e5n konkurrenterna?\",\n            \"acceptedAnswer\": {\n                \"@type\": \"Answer\",\n                \"text\": \"Det korta svaret: med kunskap och attityd. Vi tar ansvar f\u00f6r helheten. L\u00e4ngre svar i tabellen.  \\n\\n\\n\\nKonsultf\u00f6retagLeaseGreenEntrepren\u00f6r\u00d6vergripande ansvar\u25cfStrategisk vision\u25cf\u25cfEkonomisk vision\u25cf\u25cfTeknisk vision\u25cf\u25cf\u25cfEn stark erfarenhet\u25cf\u25cf\u25cfFlexibilitet\u25cf\u25cf\u25cfKontinuerlig optimering av systemet\u25cfNollinvestering\u25cfDigital tvillingsats\u25cfEgen produktutveckling\u25cf\u25cf\u25cfNya utvecklingsid\u00e9er\u25cf\u25cf\u25cfAnsvar f\u00f6r utfallet\u25cf\u25cfTrevliga m\u00e4nniskor\u25cf\u25cf\u25cf\"\n            }\n        }\n    ]\n}    <\/script>\r\n<div class=\"block block-text-person\">\r\n    <div class=\"container\">\r\n        <div class=\"text-person-content\">\r\n            <div class=\"text-content\">\r\n                \n<div class=\"wp-block-wds-text-person\">\n<h2 class=\"wp-block-heading\">Kontakta oss<\/h2>\n\n\n\n<p>Kontakta oss s\u00e5 f\u00f6rb\u00e4ttrar vi energieffektiviteten i din fastighet.<\/p>\n<\/div>\n            <\/div>\r\n\r\n            <div class=\"person-content\">\r\n                                    <div class=\"person-image\">\r\n                        <img decoding=\"async\" src=\"https:\/\/leasegreen.com\/wp-content\/uploads\/2025\/11\/jonni-ahonen-1-642x608-1-590x559.webp\" alt=\"\" srcset=\"https:\/\/leasegreen.com\/wp-content\/uploads\/2025\/11\/jonni-ahonen-1-642x608-1-300x284.webp 300w, https:\/\/leasegreen.com\/wp-content\/uploads\/2025\/11\/jonni-ahonen-1-642x608-1-626x593.webp 626w, https:\/\/leasegreen.com\/wp-content\/uploads\/2025\/11\/jonni-ahonen-1-642x608-1-561x531.webp 561w, https:\/\/leasegreen.com\/wp-content\/uploads\/2025\/11\/jonni-ahonen-1-642x608-1-590x559.webp 590w, https:\/\/leasegreen.com\/wp-content\/uploads\/2025\/11\/jonni-ahonen-1-642x608-1.webp 642w\">                    <\/div>\r\n                \r\n                <div class=\"person-details\">\r\n                                            <h3 class=\"person-name\">Jonni Ahonen<\/h3>\r\n                    \r\n                                            <p class=\"person-position\">Verkst\u00e4llande direkt\u00f6r<\/p>\r\n                    \r\n                                            <div class=\"person-contact\">\r\n                                                            <div class=\"contact-item\">\r\n                                    <span class=\"contact-icon phone-icon\"><\/span>\r\n                                    <a href=\"tel:050 301 3589\" class=\"contact-text\">050 301 3589<\/a>\r\n                                <\/div>\r\n                            \r\n                                                            <div class=\"contact-item\">\r\n                                    <span class=\"contact-icon email-icon\"><\/span>\r\n                                    <a href=\"mailto:jonni.ahonen@leasegreen.com\" class=\"contact-text\">jonni.ahonen@leasegreen.com<\/a>\r\n                                <\/div>\r\n                            \r\n                                                            <div class=\"contact-item\">\r\n                                    <span class=\"contact-icon linkedin-icon\"><\/span>\r\n                                    <a href=\"https:\/\/www.linkedin.com\/in\/jonniahonen\/\" target=\"_blank\" rel=\"noopener noreferrer\" class=\"contact-text\">LinkedIn<\/a>\r\n                                <\/div>\r\n                                                    <\/div>\r\n                                    <\/div>\r\n            <\/div>\r\n        <\/div>\r\n    <\/div>\r\n<\/div>","protected":false},"excerpt":{"rendered":"","protected":false},"author":1,"featured_media":0,"parent":0,"menu_order":0,"comment_status":"closed","ping_status":"closed","template":"","meta":{"_acf_changed":false,"_page_background_color":"","_accent_color":"","footnotes":""},"class_list":["post-3605","page","type-page","status-publish","hentry"],"acf":[],"_links":{"self":[{"href":"https:\/\/leasegreen.com\/sv\/wp-json\/wp\/v2\/pages\/3605","targetHints":{"allow":["GET"]}}],"collection":[{"href":"https:\/\/leasegreen.com\/sv\/wp-json\/wp\/v2\/pages"}],"about":[{"href":"https:\/\/leasegreen.com\/sv\/wp-json\/wp\/v2\/types\/page"}],"author":[{"embeddable":true,"href":"https:\/\/leasegreen.com\/sv\/wp-json\/wp\/v2\/users\/1"}],"replies":[{"embeddable":true,"href":"https:\/\/leasegreen.com\/sv\/wp-json\/wp\/v2\/comments?post=3605"}],"version-history":[{"count":1,"href":"https:\/\/leasegreen.com\/sv\/wp-json\/wp\/v2\/pages\/3605\/revisions"}],"predecessor-version":[{"id":3614,"href":"https:\/\/leasegreen.com\/sv\/wp-json\/wp\/v2\/pages\/3605\/revisions\/3614"}],"wp:attachment":[{"href":"https:\/\/leasegreen.com\/sv\/wp-json\/wp\/v2\/media?parent=3605"}],"curies":[{"name":"wp","href":"https:\/\/api.w.org\/{rel}","templated":true}]}}