{"id":3335,"date":"2025-11-03T13:05:56","date_gmt":"2025-11-03T11:05:56","guid":{"rendered":"https:\/\/leasegreen.com\/for-bostadsrattsforeningar\/"},"modified":"2025-11-13T13:18:45","modified_gmt":"2025-11-13T11:18:45","slug":"for-bostadsrattsforeningar","status":"publish","type":"page","link":"https:\/\/leasegreen.com\/sv\/for-bostadsrattsforeningar\/","title":{"rendered":"F\u00f6r bostadsr\u00e4ttsf\u00f6reningar"},"content":{"rendered":"<section class=\"block block-hero has-media\">\r\n\r\n    <div class=\"hero-media\">\r\n                            <img decoding=\"async\" src=\"https:\/\/leasegreen.com\/wp-content\/uploads\/2025\/11\/vidu-video-2984630518747570-1-993x593.jpg\" alt=\"\" width=\"2160\" height=\"1290\" srcset=\"https:\/\/leasegreen.com\/wp-content\/uploads\/2025\/11\/vidu-video-2984630518747570-1-300x179.jpg 300w, https:\/\/leasegreen.com\/wp-content\/uploads\/2025\/11\/vidu-video-2984630518747570-1-1024x612.jpg 1024w, https:\/\/leasegreen.com\/wp-content\/uploads\/2025\/11\/vidu-video-2984630518747570-1-768x459.jpg 768w, https:\/\/leasegreen.com\/wp-content\/uploads\/2025\/11\/vidu-video-2984630518747570-1-1536x917.jpg 1536w, https:\/\/leasegreen.com\/wp-content\/uploads\/2025\/11\/vidu-video-2984630518747570-1-2048x1223.jpg 2048w, https:\/\/leasegreen.com\/wp-content\/uploads\/2025\/11\/vidu-video-2984630518747570-1-1920x1147.jpg 1920w, https:\/\/leasegreen.com\/wp-content\/uploads\/2025\/11\/vidu-video-2984630518747570-1-993x593.jpg 993w, https:\/\/leasegreen.com\/wp-content\/uploads\/2025\/11\/vidu-video-2984630518747570-1-714x426.jpg 714w, https:\/\/leasegreen.com\/wp-content\/uploads\/2025\/11\/vidu-video-2984630518747570-1-590x352.jpg 590w\" data-no-lazy=\"1\" fetchpriority=\"high\">            <\/div>\r\n\r\n    <div class=\"hero-content\">\r\n        <div class=\"container\">\r\n            \r\n            \r\n            \r\n            \r\n            <div class=\"content-container reveal\">\r\n                \n<div class=\"wp-block-wds-hero\">\n<h1 class=\"wp-block-heading\">F\u00f6r bostadsr\u00e4ttsf\u00f6reningar<\/h1>\n<\/div>\n                            <\/div>\r\n        <\/div>\r\n    <\/div>\r\n<\/section><section class=\"block block-services items-per-row-2\">\r\n    <div class=\"container\">\r\n        <div class=\"services-content reveal\">\r\n            \n<div class=\"wp-block-wds-services\">\n<h2 class=\"wp-block-heading\">Finlands mest imponerande klimat\u00e5tg\u00e4rd<\/h2>\n\n\n\n<div class=\"wp-block-group services-items-container is-layout-flex wp-block-group-is-layout-flex\">    <a href=\"https:\/\/leasegreen.com\/sv\/for-bostadsrattsforeningar\/underhall-av-varmepump\/\" class=\"block block-service-item reveal link-color-dark-red\">\r\n                        <div class=\"service-image\">\r\n                <img loading=\"lazy\" decoding=\"async\" src=\"https:\/\/leasegreen.com\/wp-content\/uploads\/2025\/11\/LeaseGreen_Academy-1-257x300.jpg\" alt=\"\" width=\"798\" height=\"930\" srcset=\"https:\/\/leasegreen.com\/wp-content\/uploads\/2025\/11\/LeaseGreen_Academy-1-257x300.jpg 257w, https:\/\/leasegreen.com\/wp-content\/uploads\/2025\/11\/LeaseGreen_Academy-1-768x895.jpg 768w, https:\/\/leasegreen.com\/wp-content\/uploads\/2025\/11\/LeaseGreen_Academy-1-509x593.jpg 509w, https:\/\/leasegreen.com\/wp-content\/uploads\/2025\/11\/LeaseGreen_Academy-1-456x531.jpg 456w, https:\/\/leasegreen.com\/wp-content\/uploads\/2025\/11\/LeaseGreen_Academy-1-506x590.jpg 506w, https:\/\/leasegreen.com\/wp-content\/uploads\/2025\/11\/LeaseGreen_Academy-1.jpg 798w\">            <\/div>\r\n        \r\n        <div class=\"service-content\">\r\n            \n<div class=\"wp-block-wds-service-item\">\n<h3 class=\"wp-block-heading h2\">Underh\u00e5ll av bergv\u00e4rmepump<\/h3>\n<\/div>\n        <\/div>\r\n            <\/a>\r\n\n\n    <a href=\"https:\/\/leasegreen.com\/sv\/for-bostadsrattsforeningar\/geotermisk-uppvarmning-for-ett-bostadsbolag\/\" class=\"block block-service-item reveal link-color-red\">\r\n                        <div class=\"service-image\">\r\n                <img loading=\"lazy\" decoding=\"async\" src=\"https:\/\/leasegreen.com\/wp-content\/uploads\/2025\/11\/LeaseGreen_Academy-2-257x300.jpg\" alt=\"\" width=\"798\" height=\"930\" srcset=\"https:\/\/leasegreen.com\/wp-content\/uploads\/2025\/11\/LeaseGreen_Academy-2-257x300.jpg 257w, https:\/\/leasegreen.com\/wp-content\/uploads\/2025\/11\/LeaseGreen_Academy-2-768x895.jpg 768w, https:\/\/leasegreen.com\/wp-content\/uploads\/2025\/11\/LeaseGreen_Academy-2-509x593.jpg 509w, https:\/\/leasegreen.com\/wp-content\/uploads\/2025\/11\/LeaseGreen_Academy-2-456x531.jpg 456w, https:\/\/leasegreen.com\/wp-content\/uploads\/2025\/11\/LeaseGreen_Academy-2-506x590.jpg 506w, https:\/\/leasegreen.com\/wp-content\/uploads\/2025\/11\/LeaseGreen_Academy-2.jpg 798w\">            <\/div>\r\n        \r\n        <div class=\"service-content\">\r\n            \n<div class=\"wp-block-wds-service-item\">\n<h3 class=\"wp-block-heading h2\">Geotermisk uppv\u00e4rmning f\u00f6r ett bostadsbolag<\/h3>\n<\/div>\n        <\/div>\r\n            <\/a>\r\n<\/div>\n<\/div>\n        <\/div>\r\n    <\/div>\r\n<\/section><section class=\"block block-featured-posts\">\r\n            <div class=\"container\">\r\n            <div class=\"featured-posts-header\">\r\n                                    <h2>Kundber\u00e4ttelser<\/h2>\r\n                \r\n                                    <a href=\"https:\/\/leasegreen.com\/sv\/referenser\/\" class=\"view-all-link\">\r\n                        Visa alla                    <\/a>\r\n                            <\/div>\r\n        <\/div>\r\n    \r\n    <div class=\"featured-posts-list\">\r\n                                    <article class=\"featured-post reveal\" >\r\n                                            <div class=\"featured-post-image\">\r\n                            <img decoding=\"async\" src=\"https:\/\/leasegreen.com\/wp-content\/uploads\/2025\/11\/img_1070-scaled-2.jpg\" alt=\"\" srcset=\"https:\/\/leasegreen.com\/wp-content\/uploads\/2025\/11\/img_1070-scaled-2-300x169.jpg 300w, https:\/\/leasegreen.com\/wp-content\/uploads\/2025\/11\/img_1070-scaled-2-1024x576.jpg 1024w, https:\/\/leasegreen.com\/wp-content\/uploads\/2025\/11\/img_1070-scaled-2-768x432.jpg 768w, https:\/\/leasegreen.com\/wp-content\/uploads\/2025\/11\/img_1070-scaled-2-1536x864.jpg 1536w, https:\/\/leasegreen.com\/wp-content\/uploads\/2025\/11\/img_1070-scaled-2-2048x1152.jpg 2048w, https:\/\/leasegreen.com\/wp-content\/uploads\/2025\/11\/img_1070-scaled-2-1920x1080.jpg 1920w, https:\/\/leasegreen.com\/wp-content\/uploads\/2025\/11\/img_1070-scaled-2-1054x593.jpg 1054w, https:\/\/leasegreen.com\/wp-content\/uploads\/2025\/11\/img_1070-scaled-2-714x402.jpg 714w, https:\/\/leasegreen.com\/wp-content\/uploads\/2025\/11\/img_1070-scaled-2-590x332.jpg 590w, https:\/\/leasegreen.com\/wp-content\/uploads\/2025\/11\/img_1070-scaled-2-846x476.jpg 846w\">                        <\/div>\r\n                                        <div class=\"featured-post-wrapper\">\r\n                        <div class=\"container\">\r\n                            <div class=\"featured-post-content\">\r\n                                                                    <div class=\"post-meta\">\r\n                                        <span class=\"category\">Bostadsr\u00e4ttsf\u00f6reningar<\/span>\r\n                                    <\/div>\r\n                                \r\n                                <h3>\r\n                                    <a href=\"https:\/\/leasegreen.com\/sv\/referenser\/varmeproduktion\/teuvo-pakkalantie-helsingfors\/\">\r\n                                        Teuvo Pakkalantie | Helsingfors                                    <\/a>\r\n                                <\/h3>\r\n\r\n                                \r\n                                <a href=\"https:\/\/leasegreen.com\/sv\/referenser\/varmeproduktion\/teuvo-pakkalantie-helsingfors\/\" class=\"read-more\">\r\n                                    L\u00e4s mer                                <\/a>\r\n                            <\/div>\r\n                        <\/div>\r\n                    <\/div>\r\n                <\/article>\r\n                            <article class=\"featured-post reveal\" >\r\n                                            <div class=\"featured-post-image\">\r\n                            <img decoding=\"async\" src=\"https:\/\/leasegreen.com\/wp-content\/uploads\/2025\/11\/ulvilantie-22-1-scaled-1.jpg\" alt=\"\" srcset=\"https:\/\/leasegreen.com\/wp-content\/uploads\/2025\/11\/ulvilantie-22-1-scaled-1-300x200.jpg 300w, https:\/\/leasegreen.com\/wp-content\/uploads\/2025\/11\/ulvilantie-22-1-scaled-1-1024x683.jpg 1024w, https:\/\/leasegreen.com\/wp-content\/uploads\/2025\/11\/ulvilantie-22-1-scaled-1-768x512.jpg 768w, https:\/\/leasegreen.com\/wp-content\/uploads\/2025\/11\/ulvilantie-22-1-scaled-1-1536x1024.jpg 1536w, https:\/\/leasegreen.com\/wp-content\/uploads\/2025\/11\/ulvilantie-22-1-scaled-1-2048x1366.jpg 2048w, https:\/\/leasegreen.com\/wp-content\/uploads\/2025\/11\/ulvilantie-22-1-scaled-1-1920x1280.jpg 1920w, https:\/\/leasegreen.com\/wp-content\/uploads\/2025\/11\/ulvilantie-22-1-scaled-1-889x593.jpg 889w, https:\/\/leasegreen.com\/wp-content\/uploads\/2025\/11\/ulvilantie-22-1-scaled-1-714x476.jpg 714w, https:\/\/leasegreen.com\/wp-content\/uploads\/2025\/11\/ulvilantie-22-1-scaled-1-590x393.jpg 590w, https:\/\/leasegreen.com\/wp-content\/uploads\/2025\/11\/ulvilantie-22-1-scaled-1-367x245.jpg 367w\">                        <\/div>\r\n                                        <div class=\"featured-post-wrapper\">\r\n                        <div class=\"container\">\r\n                            <div class=\"featured-post-content\">\r\n                                                                    <div class=\"post-meta\">\r\n                                        <span class=\"category\">Bostadsr\u00e4ttsf\u00f6reningar<\/span>\r\n                                    <\/div>\r\n                                \r\n                                <h3>\r\n                                    <a href=\"https:\/\/leasegreen.com\/sv\/referenser\/varmeproduktion\/borgmastaregatan-helsingfors\/\">\r\n                                        Borgm\u00e4staregatan | Helsingfors                                    <\/a>\r\n                                <\/h3>\r\n\r\n                                \r\n                                <a href=\"https:\/\/leasegreen.com\/sv\/referenser\/varmeproduktion\/borgmastaregatan-helsingfors\/\" class=\"read-more\">\r\n                                    L\u00e4s mer                                <\/a>\r\n                            <\/div>\r\n                        <\/div>\r\n                    <\/div>\r\n                <\/article>\r\n                                    <\/div>\r\n<\/section><section class=\"block block-text-image image-right style-regular\">\r\n    <div class=\"container\">\r\n        <div class=\"text-image-container\">\r\n            <div class=\"text-content reveal\">\r\n                                    <p class=\"tagline\">Underh\u00e5ll av bergv\u00e4rmepumpar<\/p>\r\n                                \n<div class=\"wp-block-wds-text-image\">\n<h2 class=\"wp-block-heading\">LeaseGreen erbjuder underh\u00e5llstj\u00e4nster f\u00f6r v\u00e4rmepumpar med en f\u00f6rm\u00e5nsgaranti<\/h2>\n\n\n\n<p>Varje servicebes\u00f6k syftar till att f\u00f6rb\u00e4ttra prestandan hos den v\u00e4rmepump som servas och minska driftskostnaderna.<\/p>\n\n\n\n<div class=\"wp-block-buttons is-layout-flex wp-block-buttons-is-layout-flex\">\n<div class=\"wp-block-button is-style-fill\"><a class=\"wp-block-button__link wp-element-button\" href=\"https:\/\/leasegreen.com\/yhteystiedot\/\">Beg\u00e4r en offert p\u00e5 en tj\u00e4nst<\/a><\/div>\n<\/div>\n<\/div>\n            <\/div>\r\n\r\n                            <div class=\"image-content reveal\">\r\n                    <img loading=\"lazy\" decoding=\"async\" src=\"https:\/\/leasegreen.com\/wp-content\/uploads\/2025\/11\/huolto-Maamiehentie-PRINT-24-590x394.jpg\" alt=\"\" width=\"2560\" height=\"1708\" srcset=\"https:\/\/leasegreen.com\/wp-content\/uploads\/2025\/11\/huolto-Maamiehentie-PRINT-24-300x200.jpg 300w, https:\/\/leasegreen.com\/wp-content\/uploads\/2025\/11\/huolto-Maamiehentie-PRINT-24-1024x683.jpg 1024w, https:\/\/leasegreen.com\/wp-content\/uploads\/2025\/11\/huolto-Maamiehentie-PRINT-24-768x512.jpg 768w, https:\/\/leasegreen.com\/wp-content\/uploads\/2025\/11\/huolto-Maamiehentie-PRINT-24-1536x1025.jpg 1536w, https:\/\/leasegreen.com\/wp-content\/uploads\/2025\/11\/huolto-Maamiehentie-PRINT-24-2048x1366.jpg 2048w, https:\/\/leasegreen.com\/wp-content\/uploads\/2025\/11\/huolto-Maamiehentie-PRINT-24-1920x1281.jpg 1920w, https:\/\/leasegreen.com\/wp-content\/uploads\/2025\/11\/huolto-Maamiehentie-PRINT-24-889x593.jpg 889w, https:\/\/leasegreen.com\/wp-content\/uploads\/2025\/11\/huolto-Maamiehentie-PRINT-24-714x476.jpg 714w, https:\/\/leasegreen.com\/wp-content\/uploads\/2025\/11\/huolto-Maamiehentie-PRINT-24-590x394.jpg 590w, https:\/\/leasegreen.com\/wp-content\/uploads\/2025\/11\/huolto-Maamiehentie-PRINT-24-367x245.jpg 367w\">                <\/div>\r\n                    <\/div>\r\n    <\/div>\r\n<\/section><section class=\"block block-text-image image-left style-regular\">\r\n    <div class=\"container\">\r\n        <div class=\"text-image-container\">\r\n            <div class=\"text-content reveal\">\r\n                                    <p class=\"tagline\">Geotermisk uppv\u00e4rmning f\u00f6r ett bostadsbolag<\/p>\r\n                                \n<div class=\"wp-block-wds-text-image\">\n<h2 class=\"wp-block-heading\">Spara p\u00e5 uppv\u00e4rmningskostnaderna och minska utsl\u00e4ppen<\/h2>\n\n\n\n<p>Spara p\u00e5 uppv\u00e4rmningskostnaderna och minska utsl\u00e4ppen - med en nyckelf\u00e4rdig tj\u00e4nst. LeaseGreen utformar, genomf\u00f6r och finansierar ditt f\u00f6retags investering i bergv\u00e4rme. Ansvaret och risken ligger kvar<br\/>hos oss - du drar nytta av den omedelbart.  <\/p>\n\n\n\n<div class=\"wp-block-buttons is-layout-flex wp-block-buttons-is-layout-flex\">\n<div class=\"wp-block-button\"><a class=\"wp-block-button__link wp-element-button\" href=\"https:\/\/leasegreen.com\/yhteystiedot\/\">Kontakta oss<\/a><\/div>\n<\/div>\n<\/div>\n            <\/div>\r\n\r\n                            <div class=\"image-content reveal\">\r\n                    <img loading=\"lazy\" decoding=\"async\" src=\"https:\/\/leasegreen.com\/wp-content\/uploads\/2025\/11\/energiatehokkuus-34-of-43-scaled-5-590x393.jpg\" alt=\"\" width=\"2560\" height=\"1706\" srcset=\"https:\/\/leasegreen.com\/wp-content\/uploads\/2025\/11\/energiatehokkuus-34-of-43-scaled-5-300x200.jpg 300w, https:\/\/leasegreen.com\/wp-content\/uploads\/2025\/11\/energiatehokkuus-34-of-43-scaled-5-1024x682.jpg 1024w, https:\/\/leasegreen.com\/wp-content\/uploads\/2025\/11\/energiatehokkuus-34-of-43-scaled-5-768x512.jpg 768w, https:\/\/leasegreen.com\/wp-content\/uploads\/2025\/11\/energiatehokkuus-34-of-43-scaled-5-1536x1024.jpg 1536w, https:\/\/leasegreen.com\/wp-content\/uploads\/2025\/11\/energiatehokkuus-34-of-43-scaled-5-2048x1365.jpg 2048w, https:\/\/leasegreen.com\/wp-content\/uploads\/2025\/11\/energiatehokkuus-34-of-43-scaled-5-1920x1280.jpg 1920w, https:\/\/leasegreen.com\/wp-content\/uploads\/2025\/11\/energiatehokkuus-34-of-43-scaled-5-890x593.jpg 890w, https:\/\/leasegreen.com\/wp-content\/uploads\/2025\/11\/energiatehokkuus-34-of-43-scaled-5-714x476.jpg 714w, https:\/\/leasegreen.com\/wp-content\/uploads\/2025\/11\/energiatehokkuus-34-of-43-scaled-5-590x393.jpg 590w, https:\/\/leasegreen.com\/wp-content\/uploads\/2025\/11\/energiatehokkuus-34-of-43-scaled-5-367x245.jpg 367w\">                <\/div>\r\n                    <\/div>\r\n    <\/div>\r\n<\/section><section class=\"block block-text-image image-right style-regular\">\r\n    <div class=\"container\">\r\n        <div class=\"text-image-container\">\r\n            <div class=\"text-content reveal\">\r\n                                    <p class=\"tagline\">LeaseGreen i korthet<\/p>\r\n                                \n<div class=\"wp-block-wds-text-image\">\n<h2 class=\"wp-block-heading\">En fullservicepartner f\u00f6r energieffektivitet i byggnader<\/h2>\n\n\n\n<p>LeaseGreen \u00e4r ett fullservicevaruhus f\u00f6r energieffektivitet i fastigheter. Vi genomf\u00f6r de mest kr\u00e4vande energirenoveringarna i landet och erbjuder resultatinriktad r\u00e5dgivning under hela livscykeln f\u00f6r fastighets\u00e4gande. Vi v\u00e4gleder v\u00e5ra kunder i deras energianv\u00e4ndning f\u00f6r att \u00f6ka besparingarna och vi utf\u00f6r \u00e4ven service p\u00e5 v\u00e4rmesystem p\u00e5 plats - eftersom vi vet att man kan g\u00f6ra stora besparingar genom att ta hand om de sm\u00e5 sakerna.<\/p>\n\n\n\n<div class=\"wp-block-buttons is-layout-flex wp-block-buttons-is-layout-flex\">\n<div class=\"wp-block-button\"><a class=\"wp-block-button__link wp-element-button\" href=\"https:\/\/leasegreen.com\/sv\/leasegreen\/\">L\u00e4r k\u00e4nna oss<\/a><\/div>\n<\/div>\n<\/div>\n            <\/div>\r\n\r\n                            <div class=\"image-content reveal\">\r\n                    <img loading=\"lazy\" decoding=\"async\" src=\"https:\/\/leasegreen.com\/wp-content\/uploads\/2025\/11\/Maunulanmaki-rajattu-590x590.png\" alt=\"\" width=\"1280\" height=\"1280\" srcset=\"https:\/\/leasegreen.com\/wp-content\/uploads\/2025\/11\/Maunulanmaki-rajattu-300x300.png 300w, https:\/\/leasegreen.com\/wp-content\/uploads\/2025\/11\/Maunulanmaki-rajattu-1024x1024.png 1024w, https:\/\/leasegreen.com\/wp-content\/uploads\/2025\/11\/Maunulanmaki-rajattu-150x150.png 150w, https:\/\/leasegreen.com\/wp-content\/uploads\/2025\/11\/Maunulanmaki-rajattu-768x768.png 768w, https:\/\/leasegreen.com\/wp-content\/uploads\/2025\/11\/Maunulanmaki-rajattu-593x593.png 593w, https:\/\/leasegreen.com\/wp-content\/uploads\/2025\/11\/Maunulanmaki-rajattu-531x531.png 531w, https:\/\/leasegreen.com\/wp-content\/uploads\/2025\/11\/Maunulanmaki-rajattu-590x590.png 590w, https:\/\/leasegreen.com\/wp-content\/uploads\/2025\/11\/Maunulanmaki-rajattu.png 1280w\">                            <a href=\"https:\/\/leasegreen.com\/sv\/referenser\/varmeproduktion\/mansasbacken-helsingfors\/\" class=\"image-link\">\r\n                                                        <p class=\"image-description\"><span><span>L\u00e4s mer om <strong>Maunulanm\u00e4kis<\/strong> energirenovering<\/span><\/span><\/p>\r\n                                                        <\/a>\r\n                                    <\/div>\r\n                    <\/div>\r\n    <\/div>\r\n<\/section><section class=\"block block-features items-per-row-3\">\r\n    <div class=\"container\">\r\n        <div class=\"features-grid reveal\">\r\n            \n<div class=\"wp-block-wds-features\">\n<div class=\"wp-block-group features-grid is-layout-flex wp-block-group-is-layout-flex\"><div class=\"block block-feature-item\">\r\n            <div class=\"feature-icon\">\r\n            <?xml version=\"1.0\" encoding=\"UTF-8\"?> <svg xmlns=\"http:\/\/www.w3.org\/2000\/svg\" width=\"72\" height=\"72\" viewBox=\"0 0 72 72\" fill=\"none\"><path d=\"M63 9L45 9M63 21L45 21M63 33L45 33M16.5 41.2733V13.5C16.5 9.35786 19.8579 6 24 6C28.1421 6 31.5 9.35786 31.5 13.5V41.2733C35.118 43.6951 37.5 47.8194 37.5 52.5C37.5 59.9558 31.4558 66 24 66C16.5442 66 10.5 59.9558 10.5 52.5C10.5 47.8194 12.882 43.6951 16.5 41.2733ZM27 52.5C27 54.1569 25.6569 55.5 24 55.5C22.3431 55.5 21 54.1569 21 52.5C21 50.8431 22.3431 49.5 24 49.5C25.6569 49.5 27 50.8431 27 52.5Z\" stroke=\"#4D2682\" stroke-width=\"2\" stroke-linecap=\"round\" stroke-linejoin=\"round\"><\/path><\/svg>         <\/div>\r\n        <div class=\"feature-content\">\r\n        \n<div class=\"wp-block-wds-feature-item\">\n<h2 class=\"wp-block-heading\">600 kilometer<\/h2>\n\n\n\n<h4 class=\"wp-block-heading\">kilometer borrade brunnar<\/h4>\n<\/div>\n    <\/div>\r\n<\/div>\n\n<div class=\"block block-feature-item\">\r\n            <div class=\"feature-icon\">\r\n            <?xml version=\"1.0\" encoding=\"UTF-8\"?> <svg xmlns=\"http:\/\/www.w3.org\/2000\/svg\" width=\"72\" height=\"72\" viewBox=\"0 0 72 72\" fill=\"none\"><path d=\"M22.5 33H13.8C12.1198 33 11.2798 33 10.638 33.327C10.0735 33.6146 9.6146 34.0735 9.32698 34.638C9 35.2798 9 36.1198 9 37.8V63M49.5 33H58.2C59.8802 33 60.7202 33 61.362 33.327C61.9265 33.6146 62.3854 34.0735 62.673 34.638C63 35.2798 63 36.1198 63 37.8V63M49.5 63V18.6C49.5 15.2397 49.5 13.5595 48.846 12.2761C48.2708 11.1471 47.3529 10.2292 46.2239 9.65396C44.9405 9 43.2603 9 39.9 9H32.1C28.7397 9 27.0595 9 25.7761 9.65396C24.6471 10.2292 23.7292 11.1471 23.154 12.2761C22.5 13.5595 22.5 15.2397 22.5 18.6V63M66 63H6M33 21H39M33 33H39M33 45H39\" stroke=\"#4D2682\" stroke-width=\"2\" stroke-linecap=\"round\" stroke-linejoin=\"round\"><\/path><\/svg>         <\/div>\r\n        <div class=\"feature-content\">\r\n        \n<div class=\"wp-block-wds-feature-item\">\n<h2 class=\"wp-block-heading\">7000<\/h2>\n\n\n\n<h4 class=\"wp-block-heading\">bost\u00e4der som v\u00e4rms upp av LeaseGreens bergv\u00e4rme<\/h4>\n<\/div>\n    <\/div>\r\n<\/div>\n\n<div class=\"block block-feature-item\">\r\n            <div class=\"feature-icon\">\r\n            <?xml version=\"1.0\" encoding=\"UTF-8\"?> <svg xmlns=\"http:\/\/www.w3.org\/2000\/svg\" height=\"48px\" viewBox=\"0 -960 960 960\" width=\"48px\" fill=\"#4d2682\"><path d=\"m476.23-402.92-253.54-28.16q-18.23-2-23.84-19.73-5.62-17.73 8.38-29.96l405.39-356.31q2.46-1.46 5.03-2.69 2.58-1.23 7.73-1.23 8.08 0 13 7.5 4.93 7.5 0 14.35L481.46-556.31l255.08 28.16q18.23 2 24.23 19.34 6 17.35-8 29.58L347.38-122.15q-1.69 1.46-4.65 2.3-2.96.85-8.11.85-8.08 0-12.24-7.12-4.15-7.11 0-14.73l153.85-262.07Zm-78.61 191.54 329.69-286.08-296.23-32.92 132.84-220.54-331.46 287.84 295.46 35-130.3 216.7ZM480-480.77Z\"><\/path><\/svg>         <\/div>\r\n        <div class=\"feature-content\">\r\n        \n<div class=\"wp-block-wds-feature-item\">\n<h2 class=\"wp-block-heading\">25 000 kW<\/h2>\n\n\n\n<h4 class=\"wp-block-heading\">installerad v\u00e4rmepumpskapacitet<\/h4>\n<\/div>\n    <\/div>\r\n<\/div><\/div>\n<\/div>\n        <\/div>\r\n    <\/div>\r\n<\/section><div class=\"block block-text-person\">\r\n    <div class=\"container\">\r\n        <div class=\"text-person-content\">\r\n            <div class=\"text-content\">\r\n                \n<div class=\"wp-block-wds-text-person\">\n<h3 class=\"wp-block-heading\">Kontakta oss<\/h3>\n\n\n\n<p>LeaseGreen-teamet f\u00f6renas av en passion f\u00f6r arbete och en \u00f6nskan att g\u00f6ra det lite b\u00e4ttre, och de kommer att hj\u00e4lpa dig att hitta den energirenoveringsl\u00f6sning som passar dina behov och ger besparingar fr\u00e5n dag ett.<\/p>\n<\/div>\n            <\/div>\r\n\r\n            <div class=\"person-content\">\r\n                                    <div class=\"person-image\">\r\n                        <img decoding=\"async\" src=\"https:\/\/leasegreen.com\/wp-content\/uploads\/2025\/11\/sami-lantinen-590x559.jpg\" alt=\"\" srcset=\"https:\/\/leasegreen.com\/wp-content\/uploads\/2025\/11\/sami-lantinen-300x284.jpg 300w, https:\/\/leasegreen.com\/wp-content\/uploads\/2025\/11\/sami-lantinen-626x593.jpg 626w, https:\/\/leasegreen.com\/wp-content\/uploads\/2025\/11\/sami-lantinen-561x531.jpg 561w, https:\/\/leasegreen.com\/wp-content\/uploads\/2025\/11\/sami-lantinen-590x559.jpg 590w, https:\/\/leasegreen.com\/wp-content\/uploads\/2025\/11\/sami-lantinen.jpg 642w\">                    <\/div>\r\n                \r\n                <div class=\"person-details\">\r\n                                            <h3 class=\"person-name\">Sami L\u00e4ntinen<\/h3>\r\n                    \r\n                                            <p class=\"person-position\">Kundansvarig (bostadsbolag)<\/p>\r\n                    \r\n                                            <div class=\"person-contact\">\r\n                                                            <div class=\"contact-item\">\r\n                                    <span class=\"contact-icon phone-icon\"><\/span>\r\n                                    <a href=\"tel:045 138 7138\" class=\"contact-text\">045 138 7138<\/a>\r\n                                <\/div>\r\n                            \r\n                                                            <div class=\"contact-item\">\r\n                                    <span class=\"contact-icon email-icon\"><\/span>\r\n                                    <a href=\"mailto:sami.lantinen@leasegreen.com\" class=\"contact-text\">sami.lantinen@leasegreen.com<\/a>\r\n                                <\/div>\r\n                            \r\n                                                            <div class=\"contact-item\">\r\n                                    <span class=\"contact-icon linkedin-icon\"><\/span>\r\n                                    <a href=\"https:\/\/www.linkedin.com\/in\/sami-l%C3%A4ntinen\/\" target=\"_blank\" rel=\"noopener noreferrer\" class=\"contact-text\">LinkedIn<\/a>\r\n                                <\/div>\r\n                                                    <\/div>\r\n                                    <\/div>\r\n            <\/div>\r\n        <\/div>\r\n    <\/div>\r\n<\/div>","protected":false},"excerpt":{"rendered":"","protected":false},"author":1,"featured_media":0,"parent":0,"menu_order":0,"comment_status":"closed","ping_status":"closed","template":"","meta":{"_acf_changed":false,"_page_background_color":"","_accent_color":"","footnotes":""},"class_list":["post-3335","page","type-page","status-publish","hentry"],"acf":[],"_links":{"self":[{"href":"https:\/\/leasegreen.com\/sv\/wp-json\/wp\/v2\/pages\/3335","targetHints":{"allow":["GET"]}}],"collection":[{"href":"https:\/\/leasegreen.com\/sv\/wp-json\/wp\/v2\/pages"}],"about":[{"href":"https:\/\/leasegreen.com\/sv\/wp-json\/wp\/v2\/types\/page"}],"author":[{"embeddable":true,"href":"https:\/\/leasegreen.com\/sv\/wp-json\/wp\/v2\/users\/1"}],"replies":[{"embeddable":true,"href":"https:\/\/leasegreen.com\/sv\/wp-json\/wp\/v2\/comments?post=3335"}],"version-history":[{"count":3,"href":"https:\/\/leasegreen.com\/sv\/wp-json\/wp\/v2\/pages\/3335\/revisions"}],"predecessor-version":[{"id":3715,"href":"https:\/\/leasegreen.com\/sv\/wp-json\/wp\/v2\/pages\/3335\/revisions\/3715"}],"wp:attachment":[{"href":"https:\/\/leasegreen.com\/sv\/wp-json\/wp\/v2\/media?parent=3335"}],"curies":[{"name":"wp","href":"https:\/\/api.w.org\/{rel}","templated":true}]}}