{"id":3129,"date":"2025-11-04T13:55:53","date_gmt":"2025-11-04T11:55:53","guid":{"rendered":"https:\/\/leasegreen.com\/integritetspolicy\/"},"modified":"2025-11-13T12:19:50","modified_gmt":"2025-11-13T10:19:50","slug":"integritetspolicy","status":"publish","type":"page","link":"https:\/\/leasegreen.com\/sv\/integritetspolicy\/","title":{"rendered":"Integritetspolicy"},"content":{"rendered":"\n<p>LeaseGreen v\u00e4rdes\u00e4tter din integritet och det \u00e4r viktigt f\u00f6r oss att dina personuppgifter hanteras med f\u00f6rsiktighet. Dina personuppgifter kommer att behandlas i enlighet med dataskyddslagstiftningen och de grundl\u00e4ggande principer som anges i den allm\u00e4nna dataskyddsf\u00f6rordningen samt god datahanterings- och behandlingspraxis. Detta f\u00f6r att s\u00e4kerst\u00e4lla att din integritet inte \u00e4ventyras.<\/p>\n\n<p>Vi har avtal p\u00e5 plats med v\u00e5ra partners som f\u00f6ljer dataskyddsf\u00f6rordningen. I linje med dessa har vi erh\u00e5llit tillr\u00e4ckliga f\u00f6rs\u00e4kringar fr\u00e5n personuppgiftsbitr\u00e4dena om att deras behandling av personuppgifter uppfyller kraven i GDPR.<\/p>\n\n<h4 class=\"wp-block-heading\">Styrenhet<\/h4>\n\n<p>LeaseGreen Finland Oy<\/p>\n\n<p>F\u00f6retags-ID 2549707-6<\/p>\n\n<p>Hevosenkenk\u00e4 3, 02600 Esbo<\/p>\n\n<h4 class=\"wp-block-heading\">Kontaktpersoner i fr\u00e5gor som r\u00f6r registret<\/h4>\n\n<p>dataprotection@leasegreen.com<\/p>\n\n<h4 class=\"wp-block-heading\">Namn p\u00e5 registret och de registrerade<\/h4>\n\n<p>LeaseGreens marknadsf\u00f6rings-, kund- och rekryteringsregister<\/p>\n\n<p>Vi behandlar personuppgifter om v\u00e5ra kunder och potentiella kunder samt deras f\u00f6retr\u00e4dare i registret. Vi behandlar ocks\u00e5 personuppgifter som samlas in i rekryterings- och anst\u00e4llningsprocessen i enlighet med detta meddelande.<\/p>\n\n<h4 class=\"wp-block-heading\">\u00c4ndam\u00e5let med anv\u00e4ndningen av personuppgifterna<\/h4>\n\n<p>Informationen anv\u00e4nds f\u00f6r hantering av kundrelationer, kundkommunikation samt f\u00f6r att f\u00f6rb\u00e4ttra anv\u00e4ndarupplevelsen och s\u00e4kerheten p\u00e5 webbplatsen. V\u00e5rt m\u00e5l \u00e4r att rikta v\u00e5ra budskap s\u00e5 att du f\u00e5r den kommunikation som \u00e4r r\u00e4tt f\u00f6r dig. Dessutom anv\u00e4nds uppgifterna f\u00f6r marknadsf\u00f6rings- och rekryterings\u00e4ndam\u00e5l.<\/p>\n\n<p>Personuppgifter samlas in och behandlas p\u00e5 grundval av hantering av kundrelationer, samtycke, kommunikation, marknadsf\u00f6ring, rekrytering eller andra liknande legitima sk\u00e4l.<\/p>\n\n<h4 class=\"wp-block-heading\">Mottagare och personuppgiftsbitr\u00e4den<\/h4>\n\n<p>Personuppgifterna behandlas av de personer som \u00e4r involverade i rekryteringsprocessen. Fr\u00e5n fall till fall kan tredje part, s\u00e5som rekryteringskonsulter och expertbed\u00f6mare, anv\u00e4ndas f\u00f6r rekrytering.<\/p>\n\n<p>Den personuppgiftsansvarige ansvarar f\u00f6r att de lagrade uppgifterna behandlas i enlighet med god s\u00e4kerhetspraxis och de anvisningar som den personuppgiftsansvarige har gett. Vi kr\u00e4ver ocks\u00e5 liknande rutiner fr\u00e5n tredje parter som n\u00e4mns i detta integritetsmeddelande.<\/p>\n\n<p>Tillg\u00e5ngen till registret begr\u00e4nsas av \u00e5tkomstr\u00e4ttigheter.<\/p>\n\n<h4 class=\"wp-block-heading\">Den registrerades r\u00e4ttigheter  <\/h4>\n\n<p>Du har r\u00e4tt att n\u00e4r som helst inv\u00e4nda mot behandlingen av dina personuppgifter f\u00f6r direktmarknadsf\u00f6rings\u00e4ndam\u00e5l. Varje direktmeddelande som skickas av LeaseGreen inneh\u00e5ller en juridisk l\u00e4nk d\u00e4r du kan v\u00e4lja bort framtida direktmeddelanden till din e-post.<\/p>\n\n<p>Enligt dataskyddsf\u00f6rordningen har du r\u00e4tt till.<\/p>\n\n<ul class=\"wp-block-list\">\n<li>f\u00e5 information om behandlingen av dina personuppgifter<\/li>\n\n\n\n<li>ha tillg\u00e5ng till dina personuppgifter och kontrollera de personuppgifter vi behandlar om dig<\/li>\n\n\n\n<li>beg\u00e4ra att felaktiga eller bristf\u00e4lliga personuppgifter r\u00e4ttas och kompletteras.<\/li>\n\n\n\n<li>beg\u00e4ra radering av dina personuppgifter<\/li>\n\n\n\n<li>\u00e5terkalla ditt samtycke och inv\u00e4nda mot behandlingen av dina personuppgifter i den m\u00e5n behandlingen av dina personuppgifter grundar sig p\u00e5 ditt samtycke, och<\/li>\n\n\n\n<li>beg\u00e4ra begr\u00e4nsning av behandlingen av dina personuppgifter.<\/li>\n<\/ul>\n\n<p>Om du g\u00f6r en beg\u00e4ran om tillg\u00e5ng elektroniskt kommer vi att tillhandah\u00e5lla informationen i ett allm\u00e4nt anv\u00e4nt elektroniskt format inom rimlig tid efter att vi mottagit beg\u00e4ran. I princip \u00e4r det kostnadsfritt att utf\u00f6ra f\u00f6rfr\u00e5gningar.<\/p>\n\n<h4 class=\"wp-block-heading\">Insamling och lagring av personuppgifter<\/h4>\n\n<p>Vi samlar in personuppgifter i samband med t.ex. bes\u00f6k eller e-post, webbplatsbes\u00f6k, telefonsamtal, sociala medier och inloggning till v\u00e5ra digitala tj\u00e4nster. Vi samlar d\u00e4rf\u00f6r in personuppgifter huvudsakligen fr\u00e5n dig.<\/p>\n\n<p>Rekryteringsregistret samlar huvudsakligen in information som \u00e4r n\u00f6dv\u00e4ndig f\u00f6r rekryteringen och som erh\u00e5lls fr\u00e5n den registrerade sj\u00e4lv. Den information som vanligtvis samlas in \u00e4r f\u00f6ljande:<\/p>\n\n<ul class=\"wp-block-list\">\n<li>namn och kontaktuppgifter, t.ex. namn, adress, e-postadress och telefonnummer (f\u00f6r identifiering och kommunikation)<\/li>\n\n\n\n<li>den information som anv\u00e4nds f\u00f6r att bed\u00f6ma din beh\u00f6righet och l\u00e4mplighet, t.ex. din arbetslivserfarenhet, utbildningsbakgrund, spr\u00e5kkunskaper och andra kompetenser<\/li>\n\n\n\n<li>bilagor, till exempel CV, ans\u00f6kan, arbetsprov och foto<\/li>\n\n\n\n<li>uppgifter som genereras under rekryteringsprocessen, t.ex. e-postmeddelanden, textmeddelanden och filer som ska lagras.<\/li>\n\n\n\n<li>klassificeringar och anteckningar som gjorts av arbetsgivaren.<\/li>\n<\/ul>\n\n<p>Vi kommer att beh\u00e5lla och behandla personuppgifter som r\u00f6r rekrytering s\u00e5 l\u00e4nge som det \u00e4r n\u00f6dv\u00e4ndigt f\u00f6r att uppfylla de syften som anges ovan. Vi kan komma att spara personuppgifter tills de inte l\u00e4ngre \u00e4r relevanta f\u00f6r eventuell framtida rekrytering. Om den registrerade inte vill att hans eller hennes personuppgifter ska behandlas i framtida rekryteringar, v\u00e4nligen kontakta den personuppgiftsansvarige skriftligen. Uppgifterna kan ocks\u00e5 lagras och behandlas om den registrerade har utsetts till anst\u00e4lld eller vikarie i organisationen.<\/p>\n\n<p>Vi kan ocks\u00e5 samla in personuppgifter fr\u00e5n offentliga k\u00e4llor, t.ex. f\u00f6retagswebbplatser och adressregister. Personuppgifter kan \u00e4ven komma att k\u00f6pas f\u00f6r marknadsf\u00f6rings\u00e4ndam\u00e5l fr\u00e5n register utanf\u00f6r LeaseGreen.<\/p>\n\n<p>Vi sp\u00e5rar ocks\u00e5 cookies och ditt bes\u00f6k p\u00e5 LeaseGreens webbplats l\u00e4mnar ett sp\u00e5r, en IP-adress.<\/p>\n\n<p>Vi kommer endast att spara dina personuppgifter s\u00e5 l\u00e4nge som det \u00e4r n\u00f6dv\u00e4ndigt, varefter dina personuppgifter kommer att raderas.<\/p>\n\n<h4 class=\"wp-block-heading\">Anv\u00e4ndning av cookies<\/h4>\n\n<p>Vi anv\u00e4nder cookies (sm\u00e5 textfiler som lagras p\u00e5 din enhet) f\u00f6r att tillhandah\u00e5lla och utveckla v\u00e5ra tj\u00e4nster. Vi anv\u00e4nder ocks\u00e5 cookies f\u00f6r att anpassa inneh\u00e5ll och rikta reklam. Cookies g\u00f6r det m\u00f6jligt f\u00f6r oss att tillhandah\u00e5lla mer aktuella och personliga tj\u00e4nster genom att visa inneh\u00e5ll baserat p\u00e5 anv\u00e4ndarens intressen. De m\u00f6jligg\u00f6r ocks\u00e5 saker som inloggning och autentisering, lagring av personliga inst\u00e4llningar och preferenser, analys av v\u00e5ra webbplatsers prestanda och bek\u00e4mpning av bedr\u00e4gerier.<\/p>\n\n<p>N\u00e4r du anv\u00e4nder v\u00e5ra onlinetj\u00e4nster samlar de in information som: din IP-adress, vilka l\u00e4nkar du anv\u00e4nder, vilka annonser eller annat inneh\u00e5ll du har tittat p\u00e5, vilken sida du kommer fr\u00e5n och bes\u00f6ker, tiden f\u00f6r din surfning, vilken typ av webbl\u00e4sare eller applikation du anv\u00e4nder och liknande information. V\u00e5r webbplats och v\u00e5ra tj\u00e4nster kan inneh\u00e5lla cookies fr\u00e5n tredje part.<\/p>\n\n<p>Vi anv\u00e4nder sessionsspecifika och permanenta cookies. Sessionscookies existerar endast under en session, dvs. en session. De raderas automatiskt n\u00e4r webbl\u00e4saren st\u00e4ngs. Permanenta cookies finns d\u00e4r under en begr\u00e4nsad tid och kommer att finnas kvar p\u00e5 din dator efter att sessionen har avslutats, s\u00e5vida du inte raderar dem innan dess.<\/p>\n\n<p>Cookies kommer inte att skada din enhet eller dina filer.<\/p>\n\n<p>Du kan styra anv\u00e4ndningen av cookies i webbl\u00e4sarens hanteringsfunktioner. Mer information om cookies finns i sekretess- eller hj\u00e4lpdokumentationen f\u00f6r respektive webbl\u00e4sare.<\/p>\n\n<h5 class=\"wp-block-heading\">\u00d6verf\u00f6ring av personuppgifter<\/h5>\n\n<p>Vi behandlar uppgifter inom EU och EES. Vid alla \u00f6verf\u00f6ringar uppfyller vi v\u00e5ra skyldigheter enligt EU:s allm\u00e4nna dataskyddsf\u00f6rordning och dataskyddslagstiftningen. Vi l\u00e4mnar inte ut marknadsf\u00f6rings- och kundregistreringsinformation till tredje part.<\/p>\n\n<p><\/p>\n","protected":false},"excerpt":{"rendered":"<p>LeaseGreen v\u00e4rdes\u00e4tter din integritet och det \u00e4r viktigt f\u00f6r oss att dina personuppgifter hanteras&#8230;<\/p>\n","protected":false},"author":1,"featured_media":0,"parent":0,"menu_order":0,"comment_status":"closed","ping_status":"closed","template":"","meta":{"_acf_changed":false,"_page_background_color":"","_accent_color":"","footnotes":""},"class_list":["post-3129","page","type-page","status-publish","hentry"],"acf":[],"_links":{"self":[{"href":"https:\/\/leasegreen.com\/sv\/wp-json\/wp\/v2\/pages\/3129","targetHints":{"allow":["GET"]}}],"collection":[{"href":"https:\/\/leasegreen.com\/sv\/wp-json\/wp\/v2\/pages"}],"about":[{"href":"https:\/\/leasegreen.com\/sv\/wp-json\/wp\/v2\/types\/page"}],"author":[{"embeddable":true,"href":"https:\/\/leasegreen.com\/sv\/wp-json\/wp\/v2\/users\/1"}],"replies":[{"embeddable":true,"href":"https:\/\/leasegreen.com\/sv\/wp-json\/wp\/v2\/comments?post=3129"}],"version-history":[{"count":1,"href":"https:\/\/leasegreen.com\/sv\/wp-json\/wp\/v2\/pages\/3129\/revisions"}],"predecessor-version":[{"id":3132,"href":"https:\/\/leasegreen.com\/sv\/wp-json\/wp\/v2\/pages\/3129\/revisions\/3132"}],"wp:attachment":[{"href":"https:\/\/leasegreen.com\/sv\/wp-json\/wp\/v2\/media?parent=3129"}],"curies":[{"name":"wp","href":"https:\/\/api.w.org\/{rel}","templated":true}]}}