{"id":2947,"date":"2025-11-04T13:56:00","date_gmt":"2025-11-04T11:56:00","guid":{"rendered":"https:\/\/leasegreen.com\/faktureringsguide\/"},"modified":"2026-01-29T14:59:57","modified_gmt":"2026-01-29T12:59:57","slug":"faktureringsguide","status":"publish","type":"page","link":"https:\/\/leasegreen.com\/sv\/faktureringsguide\/","title":{"rendered":"Faktureringsguide"},"content":{"rendered":"\n<h2 class=\"wp-block-heading\">LeaseGreen Finland Oy<br>(organisationsnummer 2549707-6)<\/h2>\n\n\n\n<p><br>Faktureringsadresserna f\u00f6r v\u00e5rt f\u00f6retag LeaseGreen Suomi Oy (2549707-6) har uppdaterats. V\u00e4nligen uppdatera<br>med din nya faktureringsinformation.<\/p>\n\n\n\n<p><br>Vi hoppas att ni i forts\u00e4ttningen i f\u00f6rsta hand kommer att skicka era fakturor via e-faktura. Att hantera e-fakturor<br>\u00e4r snabbare, s\u00e4krare och billigare \u00e4n att hantera pappersfakturor<br>f\u00f6r b\u00e5de avs\u00e4ndare och mottagare.<\/p>\n\n\n\n<p><br>LeaseGreen Suomi Oy (FO-nummer 2549707-6) \u00e4r en enhet som s\u00e4ljer andra byggtj\u00e4nster \u00e4n tillf\u00e4lliga enligt definitionen i avsnitt 8c i merv\u00e4rdesskattelagen. Till f\u00f6ljd av detta \u00e4r alla byggtj\u00e4nster som k\u00f6ps av LeaseGreen<br>Suomi Oy, enligt lagens definition, f\u00f6rem\u00e5l f\u00f6r omv\u00e4nd moms.<\/p>\n\n\n\n<p><br>Om fakturan avser arbete som utf\u00f6rts p\u00e5 plats ska du ange platsnummer, platsnamn och kundnamn som finns p\u00e5 platsens aviseringsnyckel.<\/p>\n\n\n\n<p><br><strong>V\u00e5ra e-fakturaadresser \u00e4r:<\/strong><br>Operat\u00f6r \/ e-fakturaadress \/ OVT ID<br>Apix Messaging Oy (003723327487) \/ 003725497076 \/ 003725497076<\/p>\n\n\n\n<p><br>Observera att om du anv\u00e4nder n\u00e5gon av f\u00f6ljande operat\u00f6rer f\u00f6r att skicka en onlinefaktura: Handelsbanken eller Lokala kooperativa banker, m\u00e5ste du anv\u00e4nda f\u00f6ljande adress f\u00f6r v\u00e5r Apix<br>onlinefakturaadress: onlinefakturaadress: 003723327487 och operat\u00f6rsID: DABAFIHH.<\/p>\n\n\n\n<p><br>Om du inte har m\u00f6jlighet att skicka fakturor online, v\u00e4nligen skicka dem till v\u00e5r fakturaskanningstj\u00e4nst.<br>E-post skanningsadress:<br>003725497076@procountor.apix.fi<\/p>\n\n\n\n<p><br>Fakturan som ska skickas m\u00e5ste bifogas e-postmeddelandet som en PDF-fil och endast en faktura kan skickas i ett e-postmeddelande och bifogas till. Om e-postmeddelandet inneh\u00e5ller andra bilagor kommer de att l\u00e4ggas till p\u00e5 fakturan. Den maximala storleken p\u00e5 bilagor \u00e4r 2 mb. Efter avs\u00e4ndandet kommer tj\u00e4nsten att skicka antingen ett godk\u00e4nnande eller ett avslag via e-post till avs\u00e4ndaradressen inom 15 minuter efter avs\u00e4ndandet.<\/p>\n\n\n\n<p><br><strong>Adress f\u00f6r skanning av pappersfakturor:<\/strong><br>LeaseGreen Finland Oy (Apix Skannauspalvelu)<br>P.O. Box 16112<br>00021 BILLING<\/p>\n\n\n\n<p><br>F\u00f6r att skanningstj\u00e4nsten ska kunna adressera din faktura m\u00e5ste denna faktureringsadress \u00e4ven finnas tryckt p\u00e5 sj\u00e4lva fakturan, och inte bara p\u00e5 kuvertet. Inget annat material \u00e4n fakturor ska skickas till denna faktureringsadress f\u00f6rutom,<\/p>\n\n\n\n<p>d.v.s. postadressen f\u00f6r t.ex. informations- och marknadsf\u00f6ringsmaterial f\u00f6rblir of\u00f6r\u00e4ndrad.<\/p>\n\n\n\n<p><br><strong>F\u00f6r mer information<\/strong><br>jenni.korhonen@leasegreen.com eller 040 502 2448<\/p>\n\n\n\n<p><br>\u00d6vriga handlingar ska skickas till v\u00e5r postadress Hevosenkenk\u00e4 3, 02600 Espoo, Finland.<\/p>\n","protected":false},"excerpt":{"rendered":"<p>LeaseGreen Finland Oy(organisationsnummer 2549707-6) Faktureringsadresserna f\u00f6r v\u00e5rt f\u00f6retag LeaseGreen Suomi Oy (2549707-6) har uppdaterats&#8230;.<\/p>\n","protected":false},"author":1,"featured_media":0,"parent":0,"menu_order":0,"comment_status":"closed","ping_status":"closed","template":"","meta":{"_acf_changed":false,"_page_background_color":"","_accent_color":"","footnotes":""},"class_list":["post-2947","page","type-page","status-publish","hentry"],"acf":[],"_links":{"self":[{"href":"https:\/\/leasegreen.com\/sv\/wp-json\/wp\/v2\/pages\/2947","targetHints":{"allow":["GET"]}}],"collection":[{"href":"https:\/\/leasegreen.com\/sv\/wp-json\/wp\/v2\/pages"}],"about":[{"href":"https:\/\/leasegreen.com\/sv\/wp-json\/wp\/v2\/types\/page"}],"author":[{"embeddable":true,"href":"https:\/\/leasegreen.com\/sv\/wp-json\/wp\/v2\/users\/1"}],"replies":[{"embeddable":true,"href":"https:\/\/leasegreen.com\/sv\/wp-json\/wp\/v2\/comments?post=2947"}],"version-history":[{"count":3,"href":"https:\/\/leasegreen.com\/sv\/wp-json\/wp\/v2\/pages\/2947\/revisions"}],"predecessor-version":[{"id":4231,"href":"https:\/\/leasegreen.com\/sv\/wp-json\/wp\/v2\/pages\/2947\/revisions\/4231"}],"wp:attachment":[{"href":"https:\/\/leasegreen.com\/sv\/wp-json\/wp\/v2\/media?parent=2947"}],"curies":[{"name":"wp","href":"https:\/\/api.w.org\/{rel}","templated":true}]}}