{"id":3618,"date":"2025-11-03T13:17:34","date_gmt":"2025-11-03T11:17:34","guid":{"rendered":"https:\/\/leasegreen.com\/leasegreen\/"},"modified":"2025-11-13T13:18:41","modified_gmt":"2025-11-13T11:18:41","slug":"leasegreen","status":"publish","type":"page","link":"https:\/\/leasegreen.com\/en\/leasegreen\/","title":{"rendered":"LeaseGreen"},"content":{"rendered":"<section class=\"block block-text-image image-right style-regular\">\r\n    <div class=\"container\">\r\n        <div class=\"text-image-container\">\r\n            <div class=\"text-content reveal\">\r\n                                \n<div class=\"wp-block-wds-text-image\">\n<h1 class=\"wp-block-heading\">LeaseGreen<\/h1>\n\n\n\n<p>LeaseGreen first started in 2013, when founders <strong>Tomi M\u00e4kipelto<\/strong> and <strong>Juho R\u00f6nni<\/strong> noticed a significant gap in the market.<\/p>\n\n\n\n<p>Large sums were invested in energy production plants, even though the expected returns were modest. At the same time, there was no investment in energy efficiency in real estate &#8211; even though the potential returns were many times higher. Something was missing.  <\/p>\n\n\n\n<p>A player was needed to make energy efficiency investments in buildings <strong>technically reliable, financially secure and simple to make decisions about.<\/strong><\/p>\n\n\n\n<p>The start was fast. LeaseGreen assembled a talented team and packaged the technological solutions into a financed model, with savings covering instalments spread over several years. The model lowered the start-up threshold, delivered immediate savings and brought energy retrofits into the toolbox of every professional property owner.  <\/p>\n<\/div>\n            <\/div>\r\n\r\n                            <div class=\"image-content reveal\">\r\n                    <img loading=\"lazy\" decoding=\"async\" src=\"https:\/\/leasegreen.com\/wp-content\/uploads\/2025\/11\/LeaseGreen_Academy-6-447x590.jpg\" alt=\"\" width=\"1168\" height=\"1540\" srcset=\"https:\/\/leasegreen.com\/wp-content\/uploads\/2025\/11\/LeaseGreen_Academy-6-228x300.jpg 228w, https:\/\/leasegreen.com\/wp-content\/uploads\/2025\/11\/LeaseGreen_Academy-6-777x1024.jpg 777w, https:\/\/leasegreen.com\/wp-content\/uploads\/2025\/11\/LeaseGreen_Academy-6-768x1013.jpg 768w, https:\/\/leasegreen.com\/wp-content\/uploads\/2025\/11\/LeaseGreen_Academy-6-1165x1536.jpg 1165w, https:\/\/leasegreen.com\/wp-content\/uploads\/2025\/11\/LeaseGreen_Academy-6-450x593.jpg 450w, https:\/\/leasegreen.com\/wp-content\/uploads\/2025\/11\/LeaseGreen_Academy-6-403x531.jpg 403w, https:\/\/leasegreen.com\/wp-content\/uploads\/2025\/11\/LeaseGreen_Academy-6-447x590.jpg 447w, https:\/\/leasegreen.com\/wp-content\/uploads\/2025\/11\/LeaseGreen_Academy-6.jpg 1168w\">                <\/div>\r\n                    <\/div>\r\n    <\/div>\r\n<\/section><section class=\"block block-text-image image-left style-regular\">\r\n    <div class=\"container\">\r\n        <div class=\"text-image-container\">\r\n            <div class=\"text-content reveal\">\r\n                                \n<div class=\"wp-block-wds-text-image\">\n<p>As the market evolved, LeaseGreen moved to more sophisticated projects and end-to-end service models. In an era of zero interest rates, the importance of off-the-shelf financing packages diminished and the focus shifted to high-quality energy solutions that deliver measurable results &#8211; from geothermal heating and heat pumps to ventilation optimisation, heat recovery and automation. In addition to commercial and industrial buildings, we were also able to serve large housing associations, industrial plants, hotels and public buildings.  <\/p>\n\n\n\n<p>In recent years, there has been a consensus in the market that energy efficiency and energy self-sufficiency can greatly reduce the future risks of a property. Energy classes directly determine the financial viability of a property, and self-supply provides a hedge against rising energy prices. In addition to direct savings, we help our clients to make their properties Class A buildings well into the future.  <\/p>\n\n\n\n<p>Today, LeaseGreen is a full-service department store for energy efficiency in real estate. We carry out the most demanding energy renovations in the country and offer results-oriented advice throughout the lifecycle of property ownership. We guide our customers&#8217; energy use towards increasing savings and we also service heating systems on site &#8211; because we know that taking care of the little things can lead to big savings.<\/p>\n<\/div>\n            <\/div>\r\n\r\n                            <div class=\"image-content reveal\">\r\n                    <img loading=\"lazy\" decoding=\"async\" src=\"https:\/\/leasegreen.com\/wp-content\/uploads\/2025\/11\/leasegreen_bakers-31-scaled-4-590x393.jpg\" alt=\"\" width=\"2560\" height=\"1707\" srcset=\"https:\/\/leasegreen.com\/wp-content\/uploads\/2025\/11\/leasegreen_bakers-31-scaled-4-300x200.jpg 300w, https:\/\/leasegreen.com\/wp-content\/uploads\/2025\/11\/leasegreen_bakers-31-scaled-4-1024x683.jpg 1024w, https:\/\/leasegreen.com\/wp-content\/uploads\/2025\/11\/leasegreen_bakers-31-scaled-4-768x512.jpg 768w, https:\/\/leasegreen.com\/wp-content\/uploads\/2025\/11\/leasegreen_bakers-31-scaled-4-1536x1024.jpg 1536w, https:\/\/leasegreen.com\/wp-content\/uploads\/2025\/11\/leasegreen_bakers-31-scaled-4-2048x1366.jpg 2048w, https:\/\/leasegreen.com\/wp-content\/uploads\/2025\/11\/leasegreen_bakers-31-scaled-4-1920x1280.jpg 1920w, https:\/\/leasegreen.com\/wp-content\/uploads\/2025\/11\/leasegreen_bakers-31-scaled-4-889x593.jpg 889w, https:\/\/leasegreen.com\/wp-content\/uploads\/2025\/11\/leasegreen_bakers-31-scaled-4-714x476.jpg 714w, https:\/\/leasegreen.com\/wp-content\/uploads\/2025\/11\/leasegreen_bakers-31-scaled-4-590x393.jpg 590w, https:\/\/leasegreen.com\/wp-content\/uploads\/2025\/11\/leasegreen_bakers-31-scaled-4-367x245.jpg 367w\">                <\/div>\r\n                    <\/div>\r\n    <\/div>\r\n<\/section><section class=\"block block-text-image image-right style-regular\">\r\n    <div class=\"container\">\r\n        <div class=\"text-image-container\">\r\n            <div class=\"text-content reveal\">\r\n                                \n<div class=\"wp-block-wds-text-image\">\n<p>We have come a long way and grown up in the midst of many changes. Our service models and technical solutions have evolved and diversified, but our main goal has not moved an inch: to <g id=\"gid_0\">always<\/g> deliver <g id=\"gid_0\">sustainable energy savings for<\/g> our customers. With extreme ambition, without compromising on conditions.  <\/p>\n\n\n\n<p>Welcome to the LeaseGreen story.<\/p>\n\n\n\n<div class=\"wp-block-buttons is-layout-flex wp-block-buttons-is-layout-flex\">\n<div class=\"wp-block-button\"><a class=\"wp-block-button__link wp-element-button\" href=\"https:\/\/leasegreen.com\/en\/contact-us\/\">Contact us<\/a><\/div>\n<\/div>\n<\/div>\n            <\/div>\r\n\r\n                            <div class=\"image-content reveal\">\r\n                    <img loading=\"lazy\" decoding=\"async\" src=\"https:\/\/leasegreen.com\/wp-content\/uploads\/2025\/11\/jonni-ahonen-web-4-590x393.jpg\" alt=\"\" width=\"1920\" height=\"1280\" srcset=\"https:\/\/leasegreen.com\/wp-content\/uploads\/2025\/11\/jonni-ahonen-web-4-300x200.jpg 300w, https:\/\/leasegreen.com\/wp-content\/uploads\/2025\/11\/jonni-ahonen-web-4-1024x683.jpg 1024w, https:\/\/leasegreen.com\/wp-content\/uploads\/2025\/11\/jonni-ahonen-web-4-768x512.jpg 768w, https:\/\/leasegreen.com\/wp-content\/uploads\/2025\/11\/jonni-ahonen-web-4-1536x1024.jpg 1536w, https:\/\/leasegreen.com\/wp-content\/uploads\/2025\/11\/jonni-ahonen-web-4-890x593.jpg 890w, https:\/\/leasegreen.com\/wp-content\/uploads\/2025\/11\/jonni-ahonen-web-4-714x476.jpg 714w, https:\/\/leasegreen.com\/wp-content\/uploads\/2025\/11\/jonni-ahonen-web-4-590x393.jpg 590w, https:\/\/leasegreen.com\/wp-content\/uploads\/2025\/11\/jonni-ahonen-web-4-367x245.jpg 367w, https:\/\/leasegreen.com\/wp-content\/uploads\/2025\/11\/jonni-ahonen-web-4.jpg 1920w\">                <\/div>\r\n                    <\/div>\r\n    <\/div>\r\n<\/section><section class=\"block block-text-image image-left style-regular\">\r\n    <div class=\"container\">\r\n        <div class=\"text-image-container\">\r\n            <div class=\"text-content reveal\">\r\n                                    <p class=\"tagline\">A VERSATILE PLAYER<\/p>\r\n                                \n<div class=\"wp-block-wds-text-image\">\n<h2 class=\"wp-block-heading\">A more diverse range of technologies and economies than usual.<\/h2>\n\n\n\n<p>We offer our customers a broad perspective on improving the energy efficiency of buildings. This vision is based on industry-leading techno-economic expertise, extensive market data and experience from hundreds of energy retrofits. <\/p>\n<\/div>\n            <\/div>\r\n\r\n                            <div class=\"image-content reveal\">\r\n                    <img loading=\"lazy\" decoding=\"async\" src=\"https:\/\/leasegreen.com\/wp-content\/uploads\/2025\/11\/leasegreen_kutomo_01-scaled-1-590x392.jpg\" alt=\"\" width=\"2560\" height=\"1703\" srcset=\"https:\/\/leasegreen.com\/wp-content\/uploads\/2025\/11\/leasegreen_kutomo_01-scaled-1-300x200.jpg 300w, https:\/\/leasegreen.com\/wp-content\/uploads\/2025\/11\/leasegreen_kutomo_01-scaled-1-1024x681.jpg 1024w, https:\/\/leasegreen.com\/wp-content\/uploads\/2025\/11\/leasegreen_kutomo_01-scaled-1-768x511.jpg 768w, https:\/\/leasegreen.com\/wp-content\/uploads\/2025\/11\/leasegreen_kutomo_01-scaled-1-1536x1022.jpg 1536w, https:\/\/leasegreen.com\/wp-content\/uploads\/2025\/11\/leasegreen_kutomo_01-scaled-1-2048x1362.jpg 2048w, https:\/\/leasegreen.com\/wp-content\/uploads\/2025\/11\/leasegreen_kutomo_01-scaled-1-1920x1277.jpg 1920w, https:\/\/leasegreen.com\/wp-content\/uploads\/2025\/11\/leasegreen_kutomo_01-scaled-1-891x593.jpg 891w, https:\/\/leasegreen.com\/wp-content\/uploads\/2025\/11\/leasegreen_kutomo_01-scaled-1-714x475.jpg 714w, https:\/\/leasegreen.com\/wp-content\/uploads\/2025\/11\/leasegreen_kutomo_01-scaled-1-590x392.jpg 590w, https:\/\/leasegreen.com\/wp-content\/uploads\/2025\/11\/leasegreen_kutomo_01-scaled-1-367x245.jpg 367w\">                <\/div>\r\n                    <\/div>\r\n    <\/div>\r\n<\/section><section class=\"block block-text-image image-right style-regular\">\r\n    <div class=\"container\">\r\n        <div class=\"text-image-container\">\r\n            <div class=\"text-content reveal\">\r\n                                    <p class=\"tagline\">RESPONSIBILITY<\/p>\r\n                                \n<div class=\"wp-block-wds-text-image\">\n<h2 class=\"wp-block-heading\">Environment and money are no longer at odds.<\/h2>\n\n\n\n<p>We help companies realise that being responsible for society and the environment does not undermine business profitability. Money and sustainability objectives do not conflict. They support each other.  <\/p>\n<\/div>\n            <\/div>\r\n\r\n                            <div class=\"image-content reveal\">\r\n                    <img loading=\"lazy\" decoding=\"async\" src=\"https:\/\/leasegreen.com\/wp-content\/uploads\/2025\/11\/LeaseGreen_Academy-12-447x590.jpg\" alt=\"\" width=\"1168\" height=\"1540\" srcset=\"https:\/\/leasegreen.com\/wp-content\/uploads\/2025\/11\/LeaseGreen_Academy-12-228x300.jpg 228w, https:\/\/leasegreen.com\/wp-content\/uploads\/2025\/11\/LeaseGreen_Academy-12-777x1024.jpg 777w, https:\/\/leasegreen.com\/wp-content\/uploads\/2025\/11\/LeaseGreen_Academy-12-768x1013.jpg 768w, https:\/\/leasegreen.com\/wp-content\/uploads\/2025\/11\/LeaseGreen_Academy-12-1165x1536.jpg 1165w, https:\/\/leasegreen.com\/wp-content\/uploads\/2025\/11\/LeaseGreen_Academy-12-450x593.jpg 450w, https:\/\/leasegreen.com\/wp-content\/uploads\/2025\/11\/LeaseGreen_Academy-12-403x531.jpg 403w, https:\/\/leasegreen.com\/wp-content\/uploads\/2025\/11\/LeaseGreen_Academy-12-447x590.jpg 447w, https:\/\/leasegreen.com\/wp-content\/uploads\/2025\/11\/LeaseGreen_Academy-12.jpg 1168w\">                <\/div>\r\n                    <\/div>\r\n    <\/div>\r\n<\/section><section class=\"block block-text-image image-left style-regular\">\r\n    <div class=\"container\">\r\n        <div class=\"text-image-container\">\r\n            <div class=\"text-content reveal\">\r\n                                    <p class=\"tagline\">SKILLS<\/p>\r\n                                \n<div class=\"wp-block-wds-text-image\">\n<h2 class=\"wp-block-heading\">Stronger and wiser every day.<\/h2>\n\n\n\n<p>With almost a decade of experience in energy renovation and improving the energy efficiency of buildings, we have stronger muscles than usual. Every day we learn more about how to do things better. <\/p>\n<\/div>\n            <\/div>\r\n\r\n                            <div class=\"image-content reveal\">\r\n                    <img loading=\"lazy\" decoding=\"async\" src=\"https:\/\/leasegreen.com\/wp-content\/uploads\/2025\/11\/energiatehokkuus-34-of-43-scaled-5-590x393.jpg\" alt=\"\" width=\"2560\" height=\"1706\" srcset=\"https:\/\/leasegreen.com\/wp-content\/uploads\/2025\/11\/energiatehokkuus-34-of-43-scaled-5-300x200.jpg 300w, https:\/\/leasegreen.com\/wp-content\/uploads\/2025\/11\/energiatehokkuus-34-of-43-scaled-5-1024x682.jpg 1024w, https:\/\/leasegreen.com\/wp-content\/uploads\/2025\/11\/energiatehokkuus-34-of-43-scaled-5-768x512.jpg 768w, https:\/\/leasegreen.com\/wp-content\/uploads\/2025\/11\/energiatehokkuus-34-of-43-scaled-5-1536x1024.jpg 1536w, https:\/\/leasegreen.com\/wp-content\/uploads\/2025\/11\/energiatehokkuus-34-of-43-scaled-5-2048x1365.jpg 2048w, https:\/\/leasegreen.com\/wp-content\/uploads\/2025\/11\/energiatehokkuus-34-of-43-scaled-5-1920x1280.jpg 1920w, https:\/\/leasegreen.com\/wp-content\/uploads\/2025\/11\/energiatehokkuus-34-of-43-scaled-5-890x593.jpg 890w, https:\/\/leasegreen.com\/wp-content\/uploads\/2025\/11\/energiatehokkuus-34-of-43-scaled-5-714x476.jpg 714w, https:\/\/leasegreen.com\/wp-content\/uploads\/2025\/11\/energiatehokkuus-34-of-43-scaled-5-590x393.jpg 590w, https:\/\/leasegreen.com\/wp-content\/uploads\/2025\/11\/energiatehokkuus-34-of-43-scaled-5-367x245.jpg 367w\">                <\/div>\r\n                    <\/div>\r\n    <\/div>\r\n<\/section><section class=\"block block-quote has-violet-light-background-color has-background\">\r\n    <div class=\"container\">\r\n        <div class=\"content-container reveal\">\r\n            \n<div class=\"wp-block-wds-quote has-violet-light-background-color has-background\">\n<h3 class=\"wp-block-heading quote-text\">The best expertise in the industry and motivated people are the cornerstones of LeaseGreen&#8217;s success. The importance of skilled, enthusiastic and committed staff cannot be overemphasised in this work. <\/h3>\n\n\n\n<p class=\"quote-author\"><\/p>\n<\/div>\n        <\/div>\r\n    <\/div>\r\n<\/section><div class=\"block block-faq\">\r\n    <div class=\"container\">\r\n        \r\n                    <div class=\"accordion accordion-sections\"><div class=\"accordion-section\"><div class=\"accordion-item\"><h4 class=\"h5 accordion-header\" id=\"heading-values-and-strengthsaccordion-item-69ee1d35d8fc08.45751316\"><button class=\"accordion-button\" type=\"button\" data-bs-toggle=\"collapse\" data-bs-target=\"#collapse-values-and-strengthsaccordion-item-69ee1d35d8fc08.45751316\" aria-expanded=\"true\" aria-controls=\"collapse-values-and-strengthsaccordion-item-69ee1d35d8fc08.45751316\">Values and strengths<\/button><\/h4><div id=\"collapse-values-and-strengthsaccordion-item-69ee1d35d8fc08.45751316\" class=\"accordion-collapse collapse\" aria-labelledby=\"heading-values-and-strengthsaccordion-item-69ee1d35d8fc08.45751316\"><div class=\"accordion-body\"><div class=\"accordion-body-container\"><div class=\"wp-block-group faq-answer is-layout-constrained wp-block-group-is-layout-constrained\">\n<p>Enjoyment of work, taking responsibility, openness and honesty. Four things that underpin everything we do. <\/p>\n\n\n\n<p>We listen to other people to provide the best possible solution. We do not only pursue our own agenda and do not reject alternative views. <\/p>\n\n\n\n<p>We set an inspiring example. We steer society towards better. We are not arrogant and do not seek success at the expense of others.  <\/p>\n\n\n\n<p>We keep our promises and act with the trust you have placed in us. But we are not superhuman. If we make mistakes, we take responsibility for them.  <\/p>\n<\/div><\/div><\/div><\/div><\/div><\/div><div class=\"accordion-section\"><div class=\"accordion-item\"><h4 class=\"h5 accordion-header\" id=\"heading-ownersaccordion-item-69ee1d35d8fda3.91234671\"><button class=\"accordion-button\" type=\"button\" data-bs-toggle=\"collapse\" data-bs-target=\"#collapse-ownersaccordion-item-69ee1d35d8fda3.91234671\" aria-expanded=\"true\" aria-controls=\"collapse-ownersaccordion-item-69ee1d35d8fda3.91234671\">Owners<\/button><\/h4><div id=\"collapse-ownersaccordion-item-69ee1d35d8fda3.91234671\" class=\"accordion-collapse collapse\" aria-labelledby=\"heading-ownersaccordion-item-69ee1d35d8fda3.91234671\"><div class=\"accordion-body\"><div class=\"accordion-body-container\"><div class=\"wp-block-group faq-answer is-layout-constrained wp-block-group-is-layout-constrained\">\n<p>LeaseGreen is a Finnish company. It is owned by Hartwall Capital, the Hartwall family investment company,<br>staff and a number of Finnish investors. <\/p>\n\n\n\n<p>The Board of Directors consists of <strong>Frank Korsstr\u00f6m<\/strong> (Chairman), <strong>Niko Mokkila<\/strong>, <strong>Tomi M\u00e4kipelto<\/strong> and <strong>Janne J\u00e4rvinen<\/strong>.<\/p>\n<\/div><\/div><\/div><\/div><\/div><\/div><div class=\"accordion-section\"><div class=\"accordion-item\"><h4 class=\"h5 accordion-header\" id=\"heading-how-do-we-stand-out-from-the-competitionaccordion-item-69ee1d35d8fe68.12749196\"><button class=\"accordion-button\" type=\"button\" data-bs-toggle=\"collapse\" data-bs-target=\"#collapse-how-do-we-stand-out-from-the-competitionaccordion-item-69ee1d35d8fe68.12749196\" aria-expanded=\"true\" aria-controls=\"collapse-how-do-we-stand-out-from-the-competitionaccordion-item-69ee1d35d8fe68.12749196\">How do we stand out from the competition?<\/button><\/h4><div id=\"collapse-how-do-we-stand-out-from-the-competitionaccordion-item-69ee1d35d8fe68.12749196\" class=\"accordion-collapse collapse\" aria-labelledby=\"heading-how-do-we-stand-out-from-the-competitionaccordion-item-69ee1d35d8fe68.12749196\"><div class=\"accordion-body\"><div class=\"accordion-body-container\"><div class=\"wp-block-group faq-answer is-layout-constrained wp-block-group-is-layout-constrained\">\n<p>The short answer: with knowledge and attitude. We take responsibility for the whole. Longer answer in the table.  <\/p>\n\n\n\n<figure class=\"wp-block-table\"><table class=\"has-fixed-layout\"><tbody><tr><th><\/th><th>Consulting company<\/th><th>LeaseGreen<\/th><th>Contractor<\/th><\/tr><tr><td>Overall responsibility<\/td><td><\/td><td>\u25cf<\/td><td><\/td><\/tr><tr><td>Strategic vision<\/td><td>\u25cf<\/td><td>\u25cf<\/td><td><\/td><\/tr><tr><td>Economic vision<\/td><td>\u25cf<\/td><td>\u25cf<\/td><td><\/td><\/tr><tr><td>Technical vision<\/td><td>\u25cf<\/td><td>\u25cf<\/td><td>\u25cf<\/td><\/tr><tr><td>A strong experience<\/td><td>\u25cf<\/td><td>\u25cf<\/td><td>\u25cf<\/td><\/tr><tr><td>Flexibility<\/td><td>\u25cf<\/td><td>\u25cf<\/td><td>\u25cf<\/td><\/tr><tr><td>Continuous optimisation of the system<\/td><td><\/td><td>\u25cf<\/td><td><\/td><\/tr><tr><td>Zero investment<\/td><td><\/td><td>\u25cf<\/td><td><\/td><\/tr><tr><td>Digital twin kit<\/td><td><\/td><td>\u25cf<\/td><td><\/td><\/tr><tr><td>Own product development<\/td><td>\u25cf<\/td><td>\u25cf<\/td><td>\u25cf<\/td><\/tr><tr><td>New development ideas<\/td><td>\u25cf<\/td><td>\u25cf<\/td><td>\u25cf<\/td><\/tr><tr><td>Responsibility for the outcome<\/td><td><\/td><td>\u25cf<\/td><td>\u25cf<\/td><\/tr><tr><td>Nice people<\/td><td>\u25cf<\/td><td>\u25cf<\/td><td>\u25cf<\/td><\/tr><\/tbody><\/table><\/figure>\n\n\n\n<p><\/p>\n<\/div><\/div><\/div><\/div><\/div><\/div><\/div>            <\/div>\r\n<\/div>\r\n\r\n    <script type=\"application\/ld+json\">\r\n        {\n    \"@context\": \"https:\/\/schema.org\",\n    \"@type\": \"FAQPage\",\n    \"mainEntity\": [\n        {\n            \"@type\": \"Question\",\n            \"name\": \"Values and strengths\",\n            \"acceptedAnswer\": {\n                \"@type\": \"Answer\",\n                \"text\": \"Enjoyment of work, taking responsibility, openness and honesty. Four things that underpin everything we do. \\n\\n\\n\\nWe listen to other people to provide the best possible solution. We do not only pursue our own agenda and do not reject alternative views. \\n\\n\\n\\nWe set an inspiring example. We steer society towards better. We are not arrogant and do not seek success at the expense of others.  \\n\\n\\n\\nWe keep our promises and act with the trust you have placed in us. But we are not superhuman. If we make mistakes, we take responsibility for them.\"\n            }\n        },\n        {\n            \"@type\": \"Question\",\n            \"name\": \"Owners\",\n            \"acceptedAnswer\": {\n                \"@type\": \"Answer\",\n                \"text\": \"LeaseGreen is a Finnish company. It is owned by Hartwall Capital, the Hartwall family investment company,staff and a number of Finnish investors. \\n\\n\\n\\nThe Board of Directors consists of Frank Korsstr\u00f6m (Chairman), Niko Mokkila, Tomi M\u00e4kipelto and Janne J\u00e4rvinen.\"\n            }\n        },\n        {\n            \"@type\": \"Question\",\n            \"name\": \"How do we stand out from the competition?\",\n            \"acceptedAnswer\": {\n                \"@type\": \"Answer\",\n                \"text\": \"The short answer: with knowledge and attitude. We take responsibility for the whole. Longer answer in the table.  \\n\\n\\n\\nConsulting companyLeaseGreenContractorOverall responsibility\u25cfStrategic vision\u25cf\u25cfEconomic vision\u25cf\u25cfTechnical vision\u25cf\u25cf\u25cfA strong experience\u25cf\u25cf\u25cfFlexibility\u25cf\u25cf\u25cfContinuous optimisation of the system\u25cfZero investment\u25cfDigital twin kit\u25cfOwn product development\u25cf\u25cf\u25cfNew development ideas\u25cf\u25cf\u25cfResponsibility for the outcome\u25cf\u25cfNice people\u25cf\u25cf\u25cf\"\n            }\n        }\n    ]\n}    <\/script>\r\n<div class=\"block block-text-person\">\r\n    <div class=\"container\">\r\n        <div class=\"text-person-content\">\r\n            <div class=\"text-content\">\r\n                \n<div class=\"wp-block-wds-text-person\">\n<h2 class=\"wp-block-heading\">Contact us<\/h2>\n\n\n\n<p>Contact us and let&#8217;s improve the energy efficiency of your property.<\/p>\n<\/div>\n            <\/div>\r\n\r\n            <div class=\"person-content\">\r\n                                    <div class=\"person-image\">\r\n                        <img decoding=\"async\" src=\"https:\/\/leasegreen.com\/wp-content\/uploads\/2025\/11\/jonni-ahonen-1-642x608-1-590x559.webp\" alt=\"\" srcset=\"https:\/\/leasegreen.com\/wp-content\/uploads\/2025\/11\/jonni-ahonen-1-642x608-1-300x284.webp 300w, https:\/\/leasegreen.com\/wp-content\/uploads\/2025\/11\/jonni-ahonen-1-642x608-1-626x593.webp 626w, https:\/\/leasegreen.com\/wp-content\/uploads\/2025\/11\/jonni-ahonen-1-642x608-1-561x531.webp 561w, https:\/\/leasegreen.com\/wp-content\/uploads\/2025\/11\/jonni-ahonen-1-642x608-1-590x559.webp 590w, https:\/\/leasegreen.com\/wp-content\/uploads\/2025\/11\/jonni-ahonen-1-642x608-1.webp 642w\">                    <\/div>\r\n                \r\n                <div class=\"person-details\">\r\n                                            <h3 class=\"person-name\">Jonni Ahonen<\/h3>\r\n                    \r\n                                            <p class=\"person-position\">Chief Executive Officer<\/p>\r\n                    \r\n                                            <div class=\"person-contact\">\r\n                                                            <div class=\"contact-item\">\r\n                                    <span class=\"contact-icon phone-icon\"><\/span>\r\n                                    <a href=\"tel:050 301 3589\" class=\"contact-text\">050 301 3589<\/a>\r\n                                <\/div>\r\n                            \r\n                                                            <div class=\"contact-item\">\r\n                                    <span class=\"contact-icon email-icon\"><\/span>\r\n                                    <a href=\"mailto:jonni.ahonen@leasegreen.com\" class=\"contact-text\">jonni.ahonen@leasegreen.com<\/a>\r\n                                <\/div>\r\n                            \r\n                                                            <div class=\"contact-item\">\r\n                                    <span class=\"contact-icon linkedin-icon\"><\/span>\r\n                                    <a href=\"https:\/\/www.linkedin.com\/in\/jonniahonen\/\" target=\"_blank\" rel=\"noopener noreferrer\" class=\"contact-text\">LinkedIn<\/a>\r\n                                <\/div>\r\n                                                    <\/div>\r\n                                    <\/div>\r\n            <\/div>\r\n        <\/div>\r\n    <\/div>\r\n<\/div>","protected":false},"excerpt":{"rendered":"","protected":false},"author":1,"featured_media":0,"parent":0,"menu_order":0,"comment_status":"closed","ping_status":"closed","template":"","meta":{"_acf_changed":false,"_page_background_color":"","_accent_color":"","footnotes":""},"class_list":["post-3618","page","type-page","status-publish","hentry"],"acf":[],"_links":{"self":[{"href":"https:\/\/leasegreen.com\/en\/wp-json\/wp\/v2\/pages\/3618","targetHints":{"allow":["GET"]}}],"collection":[{"href":"https:\/\/leasegreen.com\/en\/wp-json\/wp\/v2\/pages"}],"about":[{"href":"https:\/\/leasegreen.com\/en\/wp-json\/wp\/v2\/types\/page"}],"author":[{"embeddable":true,"href":"https:\/\/leasegreen.com\/en\/wp-json\/wp\/v2\/users\/1"}],"replies":[{"embeddable":true,"href":"https:\/\/leasegreen.com\/en\/wp-json\/wp\/v2\/comments?post=3618"}],"version-history":[{"count":2,"href":"https:\/\/leasegreen.com\/en\/wp-json\/wp\/v2\/pages\/3618\/revisions"}],"predecessor-version":[{"id":3708,"href":"https:\/\/leasegreen.com\/en\/wp-json\/wp\/v2\/pages\/3618\/revisions\/3708"}],"wp:attachment":[{"href":"https:\/\/leasegreen.com\/en\/wp-json\/wp\/v2\/media?parent=3618"}],"curies":[{"name":"wp","href":"https:\/\/api.w.org\/{rel}","templated":true}]}}